{"id":11498,"date":"2023-11-09T03:28:15","date_gmt":"2023-11-09T00:28:15","guid":{"rendered":"https:\/\/globalit.com.tr\/we-are-happy-to-be-among-turkeys-best-employers-in-the-great-place-to-work-list\/"},"modified":"2023-12-16T05:05:21","modified_gmt":"2023-12-16T02:05:21","slug":"we-are-happy-to-be-among-turkeys-best-employers-in-the-great-place-to-work-list","status":"publish","type":"page","link":"https:\/\/globalit.com.tr\/en\/we-are-happy-to-be-among-turkeys-best-employers-in-the-great-place-to-work-list\/","title":{"rendered":"We are happy to be among Turkey&#8217;s Best Employers in the Great Place To Work List!"},"content":{"rendered":"[vc_row type=&#8221;in_container&#8221; full_screen_row_position=&#8221;middle&#8221; column_margin=&#8221;default&#8221; column_direction=&#8221;default&#8221; column_direction_tablet=&#8221;default&#8221; column_direction_phone=&#8221;default&#8221; scene_position=&#8221;center&#8221; top_padding=&#8221;60&#8243; constrain_group_1=&#8221;yes&#8221; bottom_padding=&#8221;60&#8243; text_color=&#8221;dark&#8221; text_align=&#8221;left&#8221; row_border_radius=&#8221;none&#8221; row_border_radius_applies=&#8221;bg&#8221; overflow=&#8221;visible&#8221; class=&#8221;globaltitle&#8221; overlay_strength=&#8221;0.3&#8243; gradient_direction=&#8221;left_to_right&#8221; shape_divider_position=&#8221;bottom&#8221; bg_image_animation=&#8221;none&#8221; gradient_type=&#8221;default&#8221; shape_type=&#8221;&#8221;][vc_column column_padding=&#8221;no-extra-padding&#8221; column_padding_tablet=&#8221;inherit&#8221; column_padding_phone=&#8221;inherit&#8221; column_padding_position=&#8221;all&#8221; column_element_direction_desktop=&#8221;default&#8221; column_element_spacing=&#8221;default&#8221; desktop_text_alignment=&#8221;default&#8221; tablet_text_alignment=&#8221;default&#8221; phone_text_alignment=&#8221;default&#8221; background_color_opacity=&#8221;1&#8243; background_hover_color_opacity=&#8221;1&#8243; column_backdrop_filter=&#8221;none&#8221; column_shadow=&#8221;none&#8221; column_border_radius=&#8221;none&#8221; column_link_target=&#8221;_self&#8221; column_position=&#8221;default&#8221; gradient_direction=&#8221;left_to_right&#8221; overlay_strength=&#8221;0.3&#8243; width=&#8221;1\/4&#8243; tablet_width_inherit=&#8221;default&#8221; animation_type=&#8221;default&#8221; bg_image_animation=&#8221;none&#8221; border_type=&#8221;simple&#8221; column_border_width=&#8221;none&#8221; column_border_style=&#8221;solid&#8221;][image_with_animation image_url=&#8221;11355&#8243; image_size=&#8221;full&#8221; animation_type=&#8221;entrance&#8221; animation=&#8221;None&#8221; animation_movement_type=&#8221;transform_y&#8221; hover_animation=&#8221;none&#8221; alignment=&#8221;&#8221; border_radius=&#8221;none&#8221; box_shadow=&#8221;none&#8221; image_loading=&#8221;default&#8221; max_width=&#8221;100%&#8221; max_width_mobile=&#8221;default&#8221; margin_right=&#8221;60&#8243;][\/vc_column][vc_column column_padding=&#8221;no-extra-padding&#8221; column_padding_tablet=&#8221;inherit&#8221; column_padding_phone=&#8221;inherit&#8221; column_padding_position=&#8221;all&#8221; column_element_direction_desktop=&#8221;default&#8221; column_element_spacing=&#8221;default&#8221; desktop_text_alignment=&#8221;default&#8221; tablet_text_alignment=&#8221;default&#8221; phone_text_alignment=&#8221;default&#8221; background_color_opacity=&#8221;1&#8243; background_hover_color_opacity=&#8221;1&#8243; column_backdrop_filter=&#8221;none&#8221; column_shadow=&#8221;none&#8221; column_border_radius=&#8221;none&#8221; column_link_target=&#8221;_self&#8221; column_position=&#8221;default&#8221; gradient_direction=&#8221;left_to_right&#8221; overlay_strength=&#8221;0.3&#8243; width=&#8221;3\/4&#8243; tablet_width_inherit=&#8221;default&#8221; animation_type=&#8221;default&#8221; bg_image_animation=&#8221;none&#8221; border_type=&#8221;simple&#8221; column_border_width=&#8221;none&#8221; column_border_style=&#8221;solid&#8221;][vc_custom_heading text=&#8221;We are happy to be among Turkey&apos;s Best Employers in the Great Place To Work List!&#8221; font_container=&#8221;tag:h1|font_size:41px|text_align:left|line_height:1.2&#8243; use_theme_fonts=&#8221;yes&#8221; el_class=&#8221;customtitle&#8221; css=&#8221;.vc_custom_1699489719561{padding-bottom: 20px !important;}&#8221;][vc_column_text]<span style=\"font-weight: 400;\">We are delighted to be among the best employers in Turkey!  <\/span><a href=\"https:\/\/www.linkedin.com\/company\/great-place-to-work-turkey\/\"><span style=\"font-weight: 400;\">Great Place To Work\u00ae Turkey<\/span><\/a><span style=\"font-weight: 400;\">  We would like to thank all our valuable colleagues who made it possible for us to be on the list. We will continue to forge ahead together to uphold and develop our company&#8217;s values!<\/span>[\/vc_column_text][\/vc_column][\/vc_row]\n","protected":false},"excerpt":{"rendered":"<p>[vc_row type=&#8221;in_container&#8221; full_screen_row_position=&#8221;middle&#8221; column_margin=&#8221;default&#8221; column_direction=&#8221;default&#8221; column_direction_tablet=&#8221;default&#8221; column_direction_phone=&#8221;default&#8221; scene_position=&#8221;center&#8221; top_padding=&#8221;60&#8243; constrain_group_1=&#8221;yes&#8221; bottom_padding=&#8221;60&#8243; text_color=&#8221;dark&#8221; text_align=&#8221;left&#8221; row_border_radius=&#8221;none&#8221; row_border_radius_applies=&#8221;bg&#8221;&#8230;<\/p>\n","protected":false},"author":5,"featured_media":0,"parent":0,"menu_order":0,"comment_status":"closed","ping_status":"closed","template":"","meta":{"_acf_changed":false,"inline_featured_image":false,"footnotes":""},"class_list":["post-11498","page","type-page","status-publish"],"acf":[],"yoast_head":"<!-- This site is optimized with the Yoast SEO plugin v26.3 - https:\/\/yoast.com\/wordpress\/plugins\/seo\/ -->\n<title>Another Success from Global IT: Work Transformation!<\/title>\n<meta name=\"description\" content=\"Global IT specializes in Work Transformation, enabling customers to transform the way they do business using the latest technologies.\" \/>\n<meta name=\"robots\" content=\"index, follow, max-snippet:-1, max-image-preview:large, max-video-preview:-1\" \/>\n<link rel=\"canonical\" href=\"https:\/\/globalit.com.tr\/en\/we-are-happy-to-be-among-turkeys-best-employers-in-the-great-place-to-work-list\/\" \/>\n<meta property=\"og:locale\" content=\"en_US\" \/>\n<meta property=\"og:type\" content=\"article\" \/>\n<meta property=\"og:title\" content=\"Another Success from Global IT: Work Transformation!\" \/>\n<meta property=\"og:description\" content=\"Global IT specializes in Work Transformation, enabling customers to transform the way they do business using the latest technologies.\" \/>\n<meta property=\"og:url\" content=\"https:\/\/globalit.com.tr\/en\/we-are-happy-to-be-among-turkeys-best-employers-in-the-great-place-to-work-list\/\" \/>\n<meta property=\"og:site_name\" content=\"Global IT\" \/>\n<meta property=\"article:modified_time\" content=\"2023-12-16T02:05:21+00:00\" \/>\n<meta property=\"og:image\" content=\"https:\/\/globalit.com.tr\/wp-content\/uploads\/2024\/05\/graph.png\" \/>\n\t<meta property=\"og:image:width\" content=\"1200\" \/>\n\t<meta property=\"og:image:height\" content=\"600\" \/>\n\t<meta property=\"og:image:type\" content=\"image\/png\" \/>\n<meta name=\"twitter:card\" content=\"summary_large_image\" \/>\n<meta name=\"twitter:label1\" content=\"Est. reading time\" \/>\n\t<meta name=\"twitter:data1\" content=\"2 minutes\" \/>\n<script type=\"application\/ld+json\" class=\"yoast-schema-graph\">{\"@context\":\"https:\/\/schema.org\",\"@graph\":[{\"@type\":\"WebPage\",\"@id\":\"https:\/\/globalit.com.tr\/en\/we-are-happy-to-be-among-turkeys-best-employers-in-the-great-place-to-work-list\/\",\"url\":\"https:\/\/globalit.com.tr\/en\/we-are-happy-to-be-among-turkeys-best-employers-in-the-great-place-to-work-list\/\",\"name\":\"Another Success from Global IT: Work Transformation!\",\"isPartOf\":{\"@id\":\"https:\/\/globalit.com.tr\/en\/#website\"},\"datePublished\":\"2023-11-09T00:28:15+00:00\",\"dateModified\":\"2023-12-16T02:05:21+00:00\",\"description\":\"Global IT specializes in Work Transformation, enabling customers to transform the way they do business using the latest technologies.\",\"inLanguage\":\"en-US\",\"potentialAction\":[{\"@type\":\"ReadAction\",\"target\":[\"https:\/\/globalit.com.tr\/en\/we-are-happy-to-be-among-turkeys-best-employers-in-the-great-place-to-work-list\/\"]}]},{\"@type\":\"BreadcrumbList\",\"@id\":\"https:\/\/globalit.com.tr\/en\/\",\"itemListElement\":[{\"@type\":\"ListItem\",\"position\":1,\"name\":\"Anasayfa\",\"item\":\"https:\/\/globalit.com.tr\/en\/\"},{\"@type\":\"ListItem\",\"position\":2,\"name\":\"We are happy to be among Turkey&#8217;s Best Employers in the Great Place To Work List!\"}]},{\"@type\":\"WebSite\",\"@id\":\"https:\/\/globalit.com.tr\/en\/#website\",\"url\":\"https:\/\/globalit.com.tr\/en\/\",\"name\":\"Global IT\",\"description\":\"Google\u2019\u0131n T\u00fcrkiye\u2019deki \u0130lk Bulut \u00c7\u00f6z\u00fcm Orta\u011f\u0131\",\"publisher\":{\"@id\":\"https:\/\/globalit.com.tr\/en\/#organization\"},\"potentialAction\":[{\"@type\":\"SearchAction\",\"target\":{\"@type\":\"EntryPoint\",\"urlTemplate\":\"https:\/\/globalit.com.tr\/en\/?s={search_term_string}\"},\"query-input\":{\"@type\":\"PropertyValueSpecification\",\"valueRequired\":true,\"valueName\":\"search_term_string\"}}],\"inLanguage\":\"en-US\"},{\"@type\":\"Organization\",\"@id\":\"https:\/\/globalit.com.tr\/en\/#organization\",\"name\":\"Global IT Bili\u015fim Hizmetleri A.\u015e.\",\"alternateName\":\"Global IT\",\"url\":\"https:\/\/globalit.com.tr\/en\/\",\"logo\":{\"@type\":\"ImageObject\",\"inLanguage\":\"en-US\",\"@id\":\"https:\/\/globalit.com.tr\/en\/#\/schema\/logo\/image\/\",\"url\":\"https:\/\/globalit.com.tr\/wp-content\/uploads\/2024\/05\/graph.png\",\"contentUrl\":\"https:\/\/globalit.com.tr\/wp-content\/uploads\/2024\/05\/graph.png\",\"width\":1200,\"height\":600,\"caption\":\"Global IT Bili\u015fim Hizmetleri A.\u015e.\"},\"image\":{\"@id\":\"https:\/\/globalit.com.tr\/en\/#\/schema\/logo\/image\/\"},\"sameAs\":[\"https:\/\/www.instagram.com\/globalit_\/\",\"https:\/\/www.youtube.com\/channel\/UCwu91_fuJ6rsyPvogMLP3-A\",\"https:\/\/www.linkedin.com\/company\/global-it-bilisim\/\"]}]}<\/script>\n<!-- \/ Yoast SEO plugin. -->","yoast_head_json":{"title":"Another Success from Global IT: Work Transformation!","description":"Global IT specializes in Work Transformation, enabling customers to transform the way they do business using the latest technologies.","robots":{"index":"index","follow":"follow","max-snippet":"max-snippet:-1","max-image-preview":"max-image-preview:large","max-video-preview":"max-video-preview:-1"},"canonical":"https:\/\/globalit.com.tr\/en\/we-are-happy-to-be-among-turkeys-best-employers-in-the-great-place-to-work-list\/","og_locale":"en_US","og_type":"article","og_title":"Another Success from Global IT: Work Transformation!","og_description":"Global IT specializes in Work Transformation, enabling customers to transform the way they do business using the latest technologies.","og_url":"https:\/\/globalit.com.tr\/en\/we-are-happy-to-be-among-turkeys-best-employers-in-the-great-place-to-work-list\/","og_site_name":"Global IT","article_modified_time":"2023-12-16T02:05:21+00:00","og_image":[{"width":1200,"height":600,"url":"https:\/\/globalit.com.tr\/wp-content\/uploads\/2024\/05\/graph.png","type":"image\/png"}],"twitter_card":"summary_large_image","twitter_misc":{"Est. reading time":"2 minutes"},"schema":{"@context":"https:\/\/schema.org","@graph":[{"@type":"WebPage","@id":"https:\/\/globalit.com.tr\/en\/we-are-happy-to-be-among-turkeys-best-employers-in-the-great-place-to-work-list\/","url":"https:\/\/globalit.com.tr\/en\/we-are-happy-to-be-among-turkeys-best-employers-in-the-great-place-to-work-list\/","name":"Another Success from Global IT: Work Transformation!","isPartOf":{"@id":"https:\/\/globalit.com.tr\/en\/#website"},"datePublished":"2023-11-09T00:28:15+00:00","dateModified":"2023-12-16T02:05:21+00:00","description":"Global IT specializes in Work Transformation, enabling customers to transform the way they do business using the latest technologies.","inLanguage":"en-US","potentialAction":[{"@type":"ReadAction","target":["https:\/\/globalit.com.tr\/en\/we-are-happy-to-be-among-turkeys-best-employers-in-the-great-place-to-work-list\/"]}]},{"@type":"BreadcrumbList","@id":"https:\/\/globalit.com.tr\/en\/","itemListElement":[{"@type":"ListItem","position":1,"name":"Anasayfa","item":"https:\/\/globalit.com.tr\/en\/"},{"@type":"ListItem","position":2,"name":"We are happy to be among Turkey&#8217;s Best Employers in the Great Place To Work List!"}]},{"@type":"WebSite","@id":"https:\/\/globalit.com.tr\/en\/#website","url":"https:\/\/globalit.com.tr\/en\/","name":"Global IT","description":"Google\u2019\u0131n T\u00fcrkiye\u2019deki \u0130lk Bulut \u00c7\u00f6z\u00fcm Orta\u011f\u0131","publisher":{"@id":"https:\/\/globalit.com.tr\/en\/#organization"},"potentialAction":[{"@type":"SearchAction","target":{"@type":"EntryPoint","urlTemplate":"https:\/\/globalit.com.tr\/en\/?s={search_term_string}"},"query-input":{"@type":"PropertyValueSpecification","valueRequired":true,"valueName":"search_term_string"}}],"inLanguage":"en-US"},{"@type":"Organization","@id":"https:\/\/globalit.com.tr\/en\/#organization","name":"Global IT Bili\u015fim Hizmetleri A.\u015e.","alternateName":"Global IT","url":"https:\/\/globalit.com.tr\/en\/","logo":{"@type":"ImageObject","inLanguage":"en-US","@id":"https:\/\/globalit.com.tr\/en\/#\/schema\/logo\/image\/","url":"https:\/\/globalit.com.tr\/wp-content\/uploads\/2024\/05\/graph.png","contentUrl":"https:\/\/globalit.com.tr\/wp-content\/uploads\/2024\/05\/graph.png","width":1200,"height":600,"caption":"Global IT Bili\u015fim Hizmetleri A.\u015e."},"image":{"@id":"https:\/\/globalit.com.tr\/en\/#\/schema\/logo\/image\/"},"sameAs":["https:\/\/www.instagram.com\/globalit_\/","https:\/\/www.youtube.com\/channel\/UCwu91_fuJ6rsyPvogMLP3-A","https:\/\/www.linkedin.com\/company\/global-it-bilisim\/"]}]}},"_links":{"self":[{"href":"https:\/\/globalit.com.tr\/en\/wp-json\/wp\/v2\/pages\/11498","targetHints":{"allow":["GET"]}}],"collection":[{"href":"https:\/\/globalit.com.tr\/en\/wp-json\/wp\/v2\/pages"}],"about":[{"href":"https:\/\/globalit.com.tr\/en\/wp-json\/wp\/v2\/types\/page"}],"author":[{"embeddable":true,"href":"https:\/\/globalit.com.tr\/en\/wp-json\/wp\/v2\/users\/5"}],"replies":[{"embeddable":true,"href":"https:\/\/globalit.com.tr\/en\/wp-json\/wp\/v2\/comments?post=11498"}],"version-history":[{"count":5,"href":"https:\/\/globalit.com.tr\/en\/wp-json\/wp\/v2\/pages\/11498\/revisions"}],"predecessor-version":[{"id":11503,"href":"https:\/\/globalit.com.tr\/en\/wp-json\/wp\/v2\/pages\/11498\/revisions\/11503"}],"wp:attachment":[{"href":"https:\/\/globalit.com.tr\/en\/wp-json\/wp\/v2\/media?parent=11498"}],"curies":[{"name":"wp","href":"https:\/\/api.w.org\/{rel}","templated":true}]}}