{"id":10510,"date":"2022-10-12T15:36:36","date_gmt":"2022-10-12T12:36:36","guid":{"rendered":"https:\/\/globalit.com.tr\/about-us\/"},"modified":"2025-02-07T12:32:59","modified_gmt":"2025-02-07T09:32:59","slug":"about-us","status":"publish","type":"page","link":"https:\/\/globalit.com.tr\/en\/about-us\/","title":{"rendered":"About us"},"content":{"rendered":"\t\t<div data-elementor-type=\"wp-page\" data-elementor-id=\"10510\" class=\"elementor elementor-10510 elementor-6274\" data-elementor-post-type=\"page\">\n\t\t\t\t<div class=\"elementor-element elementor-element-79f8e44 e-flex e-con-boxed e-con e-parent\" data-id=\"79f8e44\" data-element_type=\"container\" data-settings=\"{&quot;background_background&quot;:&quot;classic&quot;}\">\n\t\t\t\t\t<div class=\"e-con-inner\">\n\t\t\t\t<div class=\"elementor-element elementor-element-7334d63 elementor-widget__width-initial elementor-widget elementor-widget-heading\" data-id=\"7334d63\" data-element_type=\"widget\" data-widget_type=\"heading.default\">\n\t\t\t\t<div class=\"elementor-widget-container\">\n\t\t\t\t\t<h1 class=\"elementor-heading-title elementor-size-default\">We are a new generation technology solutions consultancy firm that brings all Google Cloud Services to Turkey for the first time.\n<\/h1>\t\t\t\t<\/div>\n\t\t\t\t<\/div>\n\t\t<div class=\"elementor-element elementor-element-654d62d e-con-full e-flex e-con e-child\" data-id=\"654d62d\" data-element_type=\"container\">\n\t\t<div class=\"elementor-element elementor-element-3890385 e-con-full e-flex e-con e-child\" data-id=\"3890385\" data-element_type=\"container\">\n\t\t<div class=\"elementor-element elementor-element-875e39b e-con-full e-flex e-con e-child\" data-id=\"875e39b\" data-element_type=\"container\">\n\t\t\t\t<div class=\"elementor-element elementor-element-d22c98d elementor-widget elementor-widget-image\" data-id=\"d22c98d\" data-element_type=\"widget\" data-widget_type=\"image.default\">\n\t\t\t\t<div class=\"elementor-widget-container\">\n\t\t\t\t\t\t\t\t\t\t\t\t\t\t\t<img decoding=\"async\" width=\"200\" height=\"200\" src=\"https:\/\/globalit.com.tr\/wp-content\/uploads\/2024\/12\/GlobalIt_Web_AnasayfaIcon_OK-01.jpg\" class=\"attachment-large size-large wp-image-16175\" alt=\"\" srcset=\"https:\/\/globalit.com.tr\/wp-content\/uploads\/2024\/12\/GlobalIt_Web_AnasayfaIcon_OK-01.jpg 200w, https:\/\/globalit.com.tr\/wp-content\/uploads\/2024\/12\/GlobalIt_Web_AnasayfaIcon_OK-01-150x150.jpg 150w, https:\/\/globalit.com.tr\/wp-content\/uploads\/2024\/12\/GlobalIt_Web_AnasayfaIcon_OK-01-100x100.jpg 100w, https:\/\/globalit.com.tr\/wp-content\/uploads\/2024\/12\/GlobalIt_Web_AnasayfaIcon_OK-01-140x140.jpg 140w\" sizes=\"(max-width: 200px) 100vw, 200px\" \/>\t\t\t\t\t\t\t\t\t\t\t\t\t\t\t<\/div>\n\t\t\t\t<\/div>\n\t\t\t\t<div class=\"elementor-element elementor-element-d9a0eb1 elementor-widget__width-initial elementor-widget elementor-widget-counter\" data-id=\"d9a0eb1\" data-element_type=\"widget\" data-widget_type=\"counter.default\">\n\t\t\t\t<div class=\"elementor-widget-container\">\n\t\t\t\t\t\t\t<div class=\"elementor-counter\">\n\t\t\t<div class=\"elementor-counter-title\">Established<\/div>\t\t\t<div class=\"elementor-counter-number-wrapper\">\n\t\t\t\t<span class=\"elementor-counter-number-prefix\"><\/span>\n\t\t\t\t<span class=\"elementor-counter-number\" data-duration=\"2000\" data-to-value=\"2006\" data-from-value=\"888\">888<\/span>\n\t\t\t\t<span class=\"elementor-counter-number-suffix\"><\/span>\n\t\t\t<\/div>\n\t\t<\/div>\n\t\t\t\t\t\t<\/div>\n\t\t\t\t<\/div>\n\t\t\t\t<\/div>\n\t\t<div class=\"elementor-element elementor-element-e2e201d e-con-full e-flex e-con e-child\" data-id=\"e2e201d\" data-element_type=\"container\">\n\t\t\t\t<div class=\"elementor-element elementor-element-5571b4d elementor-widget elementor-widget-image\" data-id=\"5571b4d\" data-element_type=\"widget\" data-widget_type=\"image.default\">\n\t\t\t\t<div class=\"elementor-widget-container\">\n\t\t\t\t\t\t\t\t\t\t\t\t\t\t\t<img decoding=\"async\" width=\"200\" height=\"200\" src=\"https:\/\/globalit.com.tr\/wp-content\/uploads\/2024\/12\/GlobalIt_Web_AnasayfaIcon_OK-02.jpg\" class=\"attachment-large size-large wp-image-16177\" alt=\"\" srcset=\"https:\/\/globalit.com.tr\/wp-content\/uploads\/2024\/12\/GlobalIt_Web_AnasayfaIcon_OK-02.jpg 200w, https:\/\/globalit.com.tr\/wp-content\/uploads\/2024\/12\/GlobalIt_Web_AnasayfaIcon_OK-02-150x150.jpg 150w, https:\/\/globalit.com.tr\/wp-content\/uploads\/2024\/12\/GlobalIt_Web_AnasayfaIcon_OK-02-100x100.jpg 100w, https:\/\/globalit.com.tr\/wp-content\/uploads\/2024\/12\/GlobalIt_Web_AnasayfaIcon_OK-02-140x140.jpg 140w\" sizes=\"(max-width: 200px) 100vw, 200px\" \/>\t\t\t\t\t\t\t\t\t\t\t\t\t\t\t<\/div>\n\t\t\t\t<\/div>\n\t\t\t\t<div class=\"elementor-element elementor-element-e66918a elementor-widget__width-initial elementor-widget elementor-widget-counter\" data-id=\"e66918a\" data-element_type=\"widget\" data-widget_type=\"counter.default\">\n\t\t\t\t<div class=\"elementor-widget-container\">\n\t\t\t\t\t\t\t<div class=\"elementor-counter\">\n\t\t\t<div class=\"elementor-counter-title\">clients migrated to the cloud<\/div>\t\t\t<div class=\"elementor-counter-number-wrapper\">\n\t\t\t\t<span class=\"elementor-counter-number-prefix\"><\/span>\n\t\t\t\t<span class=\"elementor-counter-number\" data-duration=\"2000\" data-to-value=\"750\" data-from-value=\"0\" data-delimiter=\",\">0<\/span>\n\t\t\t\t<span class=\"elementor-counter-number-suffix\"><\/span>\n\t\t\t<\/div>\n\t\t<\/div>\n\t\t\t\t\t\t<\/div>\n\t\t\t\t<\/div>\n\t\t\t\t<\/div>\n\t\t<div class=\"elementor-element elementor-element-6dfbd1b e-con-full e-flex e-con e-child\" data-id=\"6dfbd1b\" data-element_type=\"container\">\n\t\t\t\t<div class=\"elementor-element elementor-element-740517f elementor-widget elementor-widget-image\" data-id=\"740517f\" data-element_type=\"widget\" data-widget_type=\"image.default\">\n\t\t\t\t<div class=\"elementor-widget-container\">\n\t\t\t\t\t\t\t\t\t\t\t\t\t\t\t<img decoding=\"async\" width=\"200\" height=\"200\" src=\"https:\/\/globalit.com.tr\/wp-content\/uploads\/2024\/12\/GlobalIt_Web_AnasayfaIcon_OK-03.jpg\" class=\"attachment-large size-large wp-image-16179\" alt=\"\" srcset=\"https:\/\/globalit.com.tr\/wp-content\/uploads\/2024\/12\/GlobalIt_Web_AnasayfaIcon_OK-03.jpg 200w, https:\/\/globalit.com.tr\/wp-content\/uploads\/2024\/12\/GlobalIt_Web_AnasayfaIcon_OK-03-150x150.jpg 150w, https:\/\/globalit.com.tr\/wp-content\/uploads\/2024\/12\/GlobalIt_Web_AnasayfaIcon_OK-03-100x100.jpg 100w, https:\/\/globalit.com.tr\/wp-content\/uploads\/2024\/12\/GlobalIt_Web_AnasayfaIcon_OK-03-140x140.jpg 140w\" sizes=\"(max-width: 200px) 100vw, 200px\" \/>\t\t\t\t\t\t\t\t\t\t\t\t\t\t\t<\/div>\n\t\t\t\t<\/div>\n\t\t\t\t<div class=\"elementor-element elementor-element-85af3f3 elementor-widget__width-initial elementor-widget elementor-widget-counter\" data-id=\"85af3f3\" data-element_type=\"widget\" data-widget_type=\"counter.default\">\n\t\t\t\t<div class=\"elementor-widget-container\">\n\t\t\t\t\t\t\t<div class=\"elementor-counter\">\n\t\t\t<div class=\"elementor-counter-title\">users transitioned to cloud-based solutions<\/div>\t\t\t<div class=\"elementor-counter-number-wrapper\">\n\t\t\t\t<span class=\"elementor-counter-number-prefix\"><\/span>\n\t\t\t\t<span class=\"elementor-counter-number\" data-duration=\"2000\" data-to-value=\"100000\" data-from-value=\"0\" data-delimiter=\",\">0<\/span>\n\t\t\t\t<span class=\"elementor-counter-number-suffix\"><\/span>\n\t\t\t<\/div>\n\t\t<\/div>\n\t\t\t\t\t\t<\/div>\n\t\t\t\t<\/div>\n\t\t\t\t<\/div>\n\t\t<div class=\"elementor-element elementor-element-37a3d58 e-con-full e-flex e-con e-child\" data-id=\"37a3d58\" data-element_type=\"container\">\n\t\t\t\t<div class=\"elementor-element elementor-element-c68d56e elementor-widget__width-initial elementor-widget elementor-widget-counter\" data-id=\"c68d56e\" data-element_type=\"widget\" data-widget_type=\"counter.default\">\n\t\t\t\t<div class=\"elementor-widget-container\">\n\t\t\t\t\t\t\t<div class=\"elementor-counter\">\n\t\t\t<div class=\"elementor-counter-title\">successful cloud transformations<\/div>\t\t\t<div class=\"elementor-counter-number-wrapper\">\n\t\t\t\t<span class=\"elementor-counter-number-prefix\"><\/span>\n\t\t\t\t<span class=\"elementor-counter-number\" data-duration=\"2000\" data-to-value=\"4000\" data-from-value=\"888\" data-delimiter=\",\">888<\/span>\n\t\t\t\t<span class=\"elementor-counter-number-suffix\"><\/span>\n\t\t\t<\/div>\n\t\t<\/div>\n\t\t\t\t\t\t<\/div>\n\t\t\t\t<\/div>\n\t\t\t\t<div class=\"elementor-element elementor-element-7378410 elementor-widget elementor-widget-image\" data-id=\"7378410\" data-element_type=\"widget\" data-widget_type=\"image.default\">\n\t\t\t\t<div class=\"elementor-widget-container\">\n\t\t\t\t\t\t\t\t\t\t\t\t\t\t\t<img loading=\"lazy\" decoding=\"async\" width=\"200\" height=\"200\" src=\"https:\/\/globalit.com.tr\/wp-content\/uploads\/2024\/12\/GlobalIt_Web_AnasayfaIcon_OK-04.jpg\" class=\"attachment-large size-large wp-image-16181\" alt=\"\" srcset=\"https:\/\/globalit.com.tr\/wp-content\/uploads\/2024\/12\/GlobalIt_Web_AnasayfaIcon_OK-04.jpg 200w, https:\/\/globalit.com.tr\/wp-content\/uploads\/2024\/12\/GlobalIt_Web_AnasayfaIcon_OK-04-150x150.jpg 150w, https:\/\/globalit.com.tr\/wp-content\/uploads\/2024\/12\/GlobalIt_Web_AnasayfaIcon_OK-04-100x100.jpg 100w, https:\/\/globalit.com.tr\/wp-content\/uploads\/2024\/12\/GlobalIt_Web_AnasayfaIcon_OK-04-140x140.jpg 140w\" sizes=\"(max-width: 200px) 100vw, 200px\" \/>\t\t\t\t\t\t\t\t\t\t\t\t\t\t\t<\/div>\n\t\t\t\t<\/div>\n\t\t\t\t<\/div>\n\t\t\t\t<\/div>\n\t\t<div class=\"elementor-element elementor-element-9221584 e-con-full e-flex e-con e-child\" data-id=\"9221584\" data-element_type=\"container\">\n\t\t\t\t<div class=\"elementor-element elementor-element-228c9d8 elementor-widget elementor-widget-video\" data-id=\"228c9d8\" data-element_type=\"widget\" data-settings=\"{&quot;youtube_url&quot;:&quot;https:\\\/\\\/www.youtube.com\\\/watch?v=NxaTZftmfkA&quot;,&quot;show_image_overlay&quot;:&quot;yes&quot;,&quot;image_overlay&quot;:{&quot;url&quot;:&quot;https:\\\/\\\/globalit.com.tr\\\/wp-content\\\/uploads\\\/2024\\\/12\\\/sanal-masaustu-teknoloji-2048x1536-1.jpg&quot;,&quot;id&quot;:16183,&quot;size&quot;:&quot;&quot;},&quot;video_type&quot;:&quot;youtube&quot;,&quot;controls&quot;:&quot;yes&quot;}\" data-widget_type=\"video.default\">\n\t\t\t\t<div class=\"elementor-widget-container\">\n\t\t\t\t\t\t\t<div class=\"elementor-wrapper elementor-open-inline\">\n\t\t\t<div class=\"elementor-video\"><\/div>\t\t\t\t<div class=\"elementor-custom-embed-image-overlay\" style=\"background-image: url(https:\/\/globalit.com.tr\/wp-content\/uploads\/2024\/12\/sanal-masaustu-teknoloji-2048x1536-1.jpg);\">\n\t\t\t\t\t\t\t\t\t\t\t\t\t\t\t\t<div class=\"elementor-custom-embed-play\" role=\"button\" aria-label=\"Play Video\" tabindex=\"0\">\n\t\t\t\t\t\t\t<svg aria-hidden=\"true\" class=\"e-font-icon-svg e-eicon-play\" viewBox=\"0 0 1000 1000\" xmlns=\"http:\/\/www.w3.org\/2000\/svg\"><path d=\"M838 162C746 71 633 25 500 25 371 25 258 71 163 162 71 254 25 367 25 500 25 633 71 746 163 837 254 929 367 979 500 979 633 979 746 933 838 837 929 746 975 633 975 500 975 367 929 254 838 162M808 192C892 279 933 379 933 500 933 621 892 725 808 808 725 892 621 938 500 938 379 938 279 896 196 808 113 725 67 621 67 500 67 379 108 279 196 192 279 108 383 62 500 62 621 62 721 108 808 192M438 392V642L642 517 438 392Z\"><\/path><\/svg>\t\t\t\t\t\t<\/div>\n\t\t\t\t\t\t\t\t\t<\/div>\n\t\t\t\t\t<\/div>\n\t\t\t\t\t\t<\/div>\n\t\t\t\t<\/div>\n\t\t\t\t<\/div>\n\t\t\t\t<\/div>\n\t\t\t\t<div class=\"elementor-element elementor-element-ee53cab elementor-widget elementor-widget-heading\" data-id=\"ee53cab\" data-element_type=\"widget\" data-widget_type=\"heading.default\">\n\t\t\t\t<div class=\"elementor-widget-container\">\n\t\t\t\t\t<h2 class=\"elementor-heading-title elementor-size-default\">About Us<\/h2>\t\t\t\t<\/div>\n\t\t\t\t<\/div>\n\t\t<div class=\"elementor-element elementor-element-accd70c e-con-full e-flex e-con e-child\" data-id=\"accd70c\" data-element_type=\"container\">\n\t\t\t\t<div class=\"elementor-element elementor-element-b466a5e elementor-widget elementor-widget-heading\" data-id=\"b466a5e\" data-element_type=\"widget\" data-widget_type=\"heading.default\">\n\t\t\t\t<div class=\"elementor-widget-container\">\n\t\t\t\t\t<p class=\"elementor-heading-title elementor-size-default\">Founded in 2006, Global IT was the first company to introduce Google Cloud Services to T\u00fcrkiye and the first next-generation technology consulting firm in the region.<\/p>\t\t\t\t<\/div>\n\t\t\t\t<\/div>\n\t\t\t\t<div class=\"elementor-element elementor-element-e5cf27f elementor-widget elementor-widget-heading\" data-id=\"e5cf27f\" data-element_type=\"widget\" data-widget_type=\"heading.default\">\n\t\t\t\t<div class=\"elementor-widget-container\">\n\t\t\t\t\t<p class=\"elementor-heading-title elementor-size-default\">By focusing exclusively on Google Cloud products and services, we have completed over 4,000 projects, bringing cloud technology to more than 750 companies. Our expert technical team, specialized across each Google Cloud product and service, and our advanced after-sales support continue to drive success in every project we undertake. We deliver tailored solutions for our clients, inspired by our collaboration with industry leaders like Hepsiburada, Trendyol, Gittigidiyor, N11, and Getir, whose successes inspire us to apply the latest global practices.\n\n<\/p>\t\t\t\t<\/div>\n\t\t\t\t<\/div>\n\t\t\t\t<div class=\"elementor-element elementor-element-2d7370f elementor-widget elementor-widget-heading\" data-id=\"2d7370f\" data-element_type=\"widget\" data-widget_type=\"heading.default\">\n\t\t\t\t<div class=\"elementor-widget-container\">\n\t\t\t\t\t<p class=\"elementor-heading-title elementor-size-default\">Through Google Cloud, Google Workspace, and Google Maps Platform solutions, we provide consulting services across diverse industries, including e-commerce, manufacturing, logistics, and software. We guide clients on their journeys of digitalization, modernization, and innovation, creating fast, flexible, and reliable solutions to build the future together.<\/p>\t\t\t\t<\/div>\n\t\t\t\t<\/div>\n\t\t\t\t<\/div>\n\t\t<div class=\"elementor-element elementor-element-fd7d6c6 e-con-full e-flex e-con e-child\" data-id=\"fd7d6c6\" data-element_type=\"container\">\n\t\t<div class=\"elementor-element elementor-element-9697768 e-con-full elementor-hidden-desktop elementor-hidden-tablet elementor-hidden-mobile e-flex e-con e-child\" data-id=\"9697768\" data-element_type=\"container\">\n\t\t\t\t<div class=\"elementor-element elementor-element-d50a117 elementor-widget elementor-widget-heading\" data-id=\"d50a117\" data-element_type=\"widget\" data-widget_type=\"heading.default\">\n\t\t\t\t<div class=\"elementor-widget-container\">\n\t\t\t\t\t<h3 class=\"elementor-heading-title elementor-size-default\">Misyon<\/h3>\t\t\t\t<\/div>\n\t\t\t\t<\/div>\n\t\t\t\t<div class=\"elementor-element elementor-element-05e6fa8 elementor-widget elementor-widget-heading\" data-id=\"05e6fa8\" data-element_type=\"widget\" data-widget_type=\"heading.default\">\n\t\t\t\t<div class=\"elementor-widget-container\">\n\t\t\t\t\t<p class=\"elementor-heading-title elementor-size-default\">\u015eirketlerin operasyonlar\u0131n\u0131 optimize etmek, \u00fcretkenliklerini art\u0131rmak ve b\u00fcy\u00fcmelerini h\u0131zland\u0131rmak\u00a0i\u00e7in Google Cloud teknolojisinin g\u00fcc\u00fcnden\u00a0yararlanmas\u0131na yard\u0131mc\u0131 olmak i\u00e7in burday\u0131z.M\u00fc\u015fterilerimizle uzun vadeli ortakl\u0131klar geli\u015ftirmek i\u00e7in\u00a0ola\u011fan\u00fcst\u00fc dan\u0131\u015fmanl\u0131k hizmetleri, \u00f6zel \u00e7\u00f6z\u00fcmler ve e\u015fsiz m\u00fc\u015fteri deste\u011fi sunmaya \u00e7al\u0131\u015f\u0131yoruz.<\/p>\t\t\t\t<\/div>\n\t\t\t\t<\/div>\n\t\t\t\t<\/div>\n\t\t<div class=\"elementor-element elementor-element-1cd87f9 e-con-full elementor-hidden-desktop elementor-hidden-tablet elementor-hidden-mobile e-flex e-con e-child\" data-id=\"1cd87f9\" data-element_type=\"container\">\n\t\t\t\t<div class=\"elementor-element elementor-element-f78425d elementor-widget elementor-widget-heading\" data-id=\"f78425d\" data-element_type=\"widget\" data-widget_type=\"heading.default\">\n\t\t\t\t<div class=\"elementor-widget-container\">\n\t\t\t\t\t<h3 class=\"elementor-heading-title elementor-size-default\">Vizyon<\/h3>\t\t\t\t<\/div>\n\t\t\t\t<\/div>\n\t\t\t\t<div class=\"elementor-element elementor-element-a749ce9 elementor-widget elementor-widget-heading\" data-id=\"a749ce9\" data-element_type=\"widget\" data-widget_type=\"heading.default\">\n\t\t\t\t<div class=\"elementor-widget-container\">\n\t\t\t\t\t<p class=\"elementor-heading-title elementor-size-default\">Google Cloud Premier i\u015f orta\u011f\u0131 olarak uzmanl\u0131\u011f\u0131yla tan\u0131nan,\u00a0dijital d\u00f6n\u00fc\u015f\u00fcm\u00fc y\u00f6nlendiren ve i\u015fletmelerin tam\u00a0potansiyellerine ula\u015fmalar\u0131n\u0131 sa\u011flayan yenilik\u00e7i \u00e7\u00f6z\u00fcmler\u00a0sunan, T\u00fcrkiye'nin \u00f6nde gelen B2B yaz\u0131l\u0131m dan\u0131\u015fmanl\u0131k\u00a0firmalar\u0131ndan biri olmay\u0131 hedefliyoruz.<\/p>\t\t\t\t<\/div>\n\t\t\t\t<\/div>\n\t\t\t\t<\/div>\n\t\t\t\t<\/div>\n\t\t\t\t\t<\/div>\n\t\t\t\t<\/div>\n\t\t\t\t<\/div>\n\t\t","protected":false},"excerpt":{"rendered":"<p>We are a new generation technology solutions consultancy firm that brings all Google Cloud Services&#8230;<\/p>\n","protected":false},"author":5,"featured_media":0,"parent":0,"menu_order":0,"comment_status":"closed","ping_status":"closed","template":"","meta":{"_acf_changed":false,"inline_featured_image":false,"footnotes":""},"class_list":["post-10510","page","type-page","status-publish"],"acf":[],"yoast_head":"<!-- This site is optimized with the Yoast SEO plugin v26.3 - https:\/\/yoast.com\/wordpress\/plugins\/seo\/ -->\n<title>Global IT | Cloud Computing and Cyber Security Services<\/title>\n<meta name=\"description\" content=\"Global IT is a leading technology company offering cloud computing and cybersecurity services. Join us and let us realize your digital transformation.\" \/>\n<meta name=\"robots\" content=\"index, follow, max-snippet:-1, max-image-preview:large, max-video-preview:-1\" \/>\n<link rel=\"canonical\" href=\"https:\/\/globalit.com.tr\/en\/about-us\/\" \/>\n<meta property=\"og:locale\" content=\"en_US\" \/>\n<meta property=\"og:type\" content=\"article\" \/>\n<meta property=\"og:title\" content=\"Global IT | Cloud Computing and Cyber Security Services\" \/>\n<meta property=\"og:description\" content=\"Global IT is a leading technology company offering cloud computing and cybersecurity services. Join us and let us realize your digital transformation.\" \/>\n<meta property=\"og:url\" content=\"https:\/\/globalit.com.tr\/en\/about-us\/\" \/>\n<meta property=\"og:site_name\" content=\"Global IT\" \/>\n<meta property=\"article:modified_time\" content=\"2025-02-07T09:32:59+00:00\" \/>\n<meta property=\"og:image\" content=\"https:\/\/globalit.com.tr\/wp-content\/uploads\/2024\/12\/GlobalIt_Web_AnasayfaIcon_OK-01.jpg\" \/>\n\t<meta property=\"og:image:width\" content=\"200\" \/>\n\t<meta property=\"og:image:height\" content=\"200\" \/>\n\t<meta property=\"og:image:type\" content=\"image\/jpeg\" \/>\n<meta name=\"twitter:card\" content=\"summary_large_image\" \/>\n<meta name=\"twitter:label1\" content=\"Est. reading time\" \/>\n\t<meta name=\"twitter:data1\" content=\"2 minutes\" \/>\n<script type=\"application\/ld+json\" class=\"yoast-schema-graph\">{\"@context\":\"https:\/\/schema.org\",\"@graph\":[{\"@type\":\"WebPage\",\"@id\":\"https:\/\/globalit.com.tr\/en\/about-us\/\",\"url\":\"https:\/\/globalit.com.tr\/en\/about-us\/\",\"name\":\"Global IT | Cloud Computing and Cyber Security Services\",\"isPartOf\":{\"@id\":\"https:\/\/globalit.com.tr\/en\/#website\"},\"primaryImageOfPage\":{\"@id\":\"https:\/\/globalit.com.tr\/en\/about-us\/#primaryimage\"},\"image\":{\"@id\":\"https:\/\/globalit.com.tr\/en\/about-us\/#primaryimage\"},\"thumbnailUrl\":\"https:\/\/globalit.com.tr\/wp-content\/uploads\/2024\/12\/GlobalIt_Web_AnasayfaIcon_OK-01.jpg\",\"datePublished\":\"2022-10-12T12:36:36+00:00\",\"dateModified\":\"2025-02-07T09:32:59+00:00\",\"description\":\"Global IT is a leading technology company offering cloud computing and cybersecurity services. Join us and let us realize your digital transformation.\",\"breadcrumb\":{\"@id\":\"https:\/\/globalit.com.tr\/en\/about-us\/#breadcrumb\"},\"inLanguage\":\"en-US\",\"potentialAction\":[{\"@type\":\"ReadAction\",\"target\":[\"https:\/\/globalit.com.tr\/en\/about-us\/\"]}]},{\"@type\":\"ImageObject\",\"inLanguage\":\"en-US\",\"@id\":\"https:\/\/globalit.com.tr\/en\/about-us\/#primaryimage\",\"url\":\"https:\/\/globalit.com.tr\/wp-content\/uploads\/2024\/12\/GlobalIt_Web_AnasayfaIcon_OK-01.jpg\",\"contentUrl\":\"https:\/\/globalit.com.tr\/wp-content\/uploads\/2024\/12\/GlobalIt_Web_AnasayfaIcon_OK-01.jpg\"},{\"@type\":\"BreadcrumbList\",\"@id\":\"https:\/\/globalit.com.tr\/en\/about-us\/#breadcrumb\",\"itemListElement\":[{\"@type\":\"ListItem\",\"position\":1,\"name\":\"Anasayfa\",\"item\":\"https:\/\/globalit.com.tr\/en\/\"},{\"@type\":\"ListItem\",\"position\":2,\"name\":\"About us\"}]},{\"@type\":\"WebSite\",\"@id\":\"https:\/\/globalit.com.tr\/en\/#website\",\"url\":\"https:\/\/globalit.com.tr\/en\/\",\"name\":\"Global IT\",\"description\":\"Google\u2019\u0131n T\u00fcrkiye\u2019deki \u0130lk Bulut \u00c7\u00f6z\u00fcm Orta\u011f\u0131\",\"publisher\":{\"@id\":\"https:\/\/globalit.com.tr\/en\/#organization\"},\"potentialAction\":[{\"@type\":\"SearchAction\",\"target\":{\"@type\":\"EntryPoint\",\"urlTemplate\":\"https:\/\/globalit.com.tr\/en\/?s={search_term_string}\"},\"query-input\":{\"@type\":\"PropertyValueSpecification\",\"valueRequired\":true,\"valueName\":\"search_term_string\"}}],\"inLanguage\":\"en-US\"},{\"@type\":\"Organization\",\"@id\":\"https:\/\/globalit.com.tr\/en\/#organization\",\"name\":\"Global IT\",\"url\":\"https:\/\/globalit.com.tr\/en\/\",\"logo\":{\"@type\":\"ImageObject\",\"inLanguage\":\"en-US\",\"@id\":\"https:\/\/globalit.com.tr\/en\/#\/schema\/logo\/image\/\",\"url\":\"https:\/\/globalit.com.tr\/wp-content\/uploads\/2024\/05\/graph.png\",\"contentUrl\":\"https:\/\/globalit.com.tr\/wp-content\/uploads\/2024\/05\/graph.png\",\"width\":1200,\"height\":600,\"caption\":\"Global IT\"},\"image\":{\"@id\":\"https:\/\/globalit.com.tr\/en\/#\/schema\/logo\/image\/\"},\"sameAs\":[\"https:\/\/www.instagram.com\/globalit_\/\",\"https:\/\/www.youtube.com\/channel\/UCwu91_fuJ6rsyPvogMLP3-A\",\"https:\/\/www.linkedin.com\/company\/global-it-bilisim\/\"]}]}<\/script>\n<!-- \/ Yoast SEO plugin. -->","yoast_head_json":{"title":"Global IT | Cloud Computing and Cyber Security Services","description":"Global IT is a leading technology company offering cloud computing and cybersecurity services. Join us and let us realize your digital transformation.","robots":{"index":"index","follow":"follow","max-snippet":"max-snippet:-1","max-image-preview":"max-image-preview:large","max-video-preview":"max-video-preview:-1"},"canonical":"https:\/\/globalit.com.tr\/en\/about-us\/","og_locale":"en_US","og_type":"article","og_title":"Global IT | Cloud Computing and Cyber Security Services","og_description":"Global IT is a leading technology company offering cloud computing and cybersecurity services. Join us and let us realize your digital transformation.","og_url":"https:\/\/globalit.com.tr\/en\/about-us\/","og_site_name":"Global IT","article_modified_time":"2025-02-07T09:32:59+00:00","og_image":[{"width":200,"height":200,"url":"https:\/\/globalit.com.tr\/wp-content\/uploads\/2024\/12\/GlobalIt_Web_AnasayfaIcon_OK-01.jpg","type":"image\/jpeg"}],"twitter_card":"summary_large_image","twitter_misc":{"Est. reading time":"2 minutes"},"schema":{"@context":"https:\/\/schema.org","@graph":[{"@type":"WebPage","@id":"https:\/\/globalit.com.tr\/en\/about-us\/","url":"https:\/\/globalit.com.tr\/en\/about-us\/","name":"Global IT | Cloud Computing and Cyber Security Services","isPartOf":{"@id":"https:\/\/globalit.com.tr\/en\/#website"},"primaryImageOfPage":{"@id":"https:\/\/globalit.com.tr\/en\/about-us\/#primaryimage"},"image":{"@id":"https:\/\/globalit.com.tr\/en\/about-us\/#primaryimage"},"thumbnailUrl":"https:\/\/globalit.com.tr\/wp-content\/uploads\/2024\/12\/GlobalIt_Web_AnasayfaIcon_OK-01.jpg","datePublished":"2022-10-12T12:36:36+00:00","dateModified":"2025-02-07T09:32:59+00:00","description":"Global IT is a leading technology company offering cloud computing and cybersecurity services. Join us and let us realize your digital transformation.","breadcrumb":{"@id":"https:\/\/globalit.com.tr\/en\/about-us\/#breadcrumb"},"inLanguage":"en-US","potentialAction":[{"@type":"ReadAction","target":["https:\/\/globalit.com.tr\/en\/about-us\/"]}]},{"@type":"ImageObject","inLanguage":"en-US","@id":"https:\/\/globalit.com.tr\/en\/about-us\/#primaryimage","url":"https:\/\/globalit.com.tr\/wp-content\/uploads\/2024\/12\/GlobalIt_Web_AnasayfaIcon_OK-01.jpg","contentUrl":"https:\/\/globalit.com.tr\/wp-content\/uploads\/2024\/12\/GlobalIt_Web_AnasayfaIcon_OK-01.jpg"},{"@type":"BreadcrumbList","@id":"https:\/\/globalit.com.tr\/en\/about-us\/#breadcrumb","itemListElement":[{"@type":"ListItem","position":1,"name":"Anasayfa","item":"https:\/\/globalit.com.tr\/en\/"},{"@type":"ListItem","position":2,"name":"About us"}]},{"@type":"WebSite","@id":"https:\/\/globalit.com.tr\/en\/#website","url":"https:\/\/globalit.com.tr\/en\/","name":"Global IT","description":"Google\u2019\u0131n T\u00fcrkiye\u2019deki \u0130lk Bulut \u00c7\u00f6z\u00fcm Orta\u011f\u0131","publisher":{"@id":"https:\/\/globalit.com.tr\/en\/#organization"},"potentialAction":[{"@type":"SearchAction","target":{"@type":"EntryPoint","urlTemplate":"https:\/\/globalit.com.tr\/en\/?s={search_term_string}"},"query-input":{"@type":"PropertyValueSpecification","valueRequired":true,"valueName":"search_term_string"}}],"inLanguage":"en-US"},{"@type":"Organization","@id":"https:\/\/globalit.com.tr\/en\/#organization","name":"Global IT","url":"https:\/\/globalit.com.tr\/en\/","logo":{"@type":"ImageObject","inLanguage":"en-US","@id":"https:\/\/globalit.com.tr\/en\/#\/schema\/logo\/image\/","url":"https:\/\/globalit.com.tr\/wp-content\/uploads\/2024\/05\/graph.png","contentUrl":"https:\/\/globalit.com.tr\/wp-content\/uploads\/2024\/05\/graph.png","width":1200,"height":600,"caption":"Global IT"},"image":{"@id":"https:\/\/globalit.com.tr\/en\/#\/schema\/logo\/image\/"},"sameAs":["https:\/\/www.instagram.com\/globalit_\/","https:\/\/www.youtube.com\/channel\/UCwu91_fuJ6rsyPvogMLP3-A","https:\/\/www.linkedin.com\/company\/global-it-bilisim\/"]}]}},"_links":{"self":[{"href":"https:\/\/globalit.com.tr\/en\/wp-json\/wp\/v2\/pages\/10510","targetHints":{"allow":["GET"]}}],"collection":[{"href":"https:\/\/globalit.com.tr\/en\/wp-json\/wp\/v2\/pages"}],"about":[{"href":"https:\/\/globalit.com.tr\/en\/wp-json\/wp\/v2\/types\/page"}],"author":[{"embeddable":true,"href":"https:\/\/globalit.com.tr\/en\/wp-json\/wp\/v2\/users\/5"}],"replies":[{"embeddable":true,"href":"https:\/\/globalit.com.tr\/en\/wp-json\/wp\/v2\/comments?post=10510"}],"version-history":[{"count":22,"href":"https:\/\/globalit.com.tr\/en\/wp-json\/wp\/v2\/pages\/10510\/revisions"}],"predecessor-version":[{"id":16715,"href":"https:\/\/globalit.com.tr\/en\/wp-json\/wp\/v2\/pages\/10510\/revisions\/16715"}],"wp:attachment":[{"href":"https:\/\/globalit.com.tr\/en\/wp-json\/wp\/v2\/media?parent=10510"}],"curies":[{"name":"wp","href":"https:\/\/api.w.org\/{rel}","templated":true}]}}