{"id":10488,"date":"2022-11-03T20:12:23","date_gmt":"2022-11-03T17:12:23","guid":{"rendered":"https:\/\/globalit.com.tr\/website-visitor-clarification-text\/"},"modified":"2025-06-08T15:03:31","modified_gmt":"2025-06-08T12:03:31","slug":"website-visitor-clarification-text","status":"publish","type":"page","link":"https:\/\/globalit.com.tr\/en\/kvkk\/website-visitor-clarification-text\/","title":{"rendered":"Website Visitor Clarification Text"},"content":{"rendered":"\t\t<div data-elementor-type=\"wp-page\" data-elementor-id=\"10488\" class=\"elementor elementor-10488 elementor-8959\" data-elementor-post-type=\"page\">\n\t\t\t\t<div class=\"elementor-element elementor-element-5c91b5ff e-flex e-con-boxed e-con e-parent\" data-id=\"5c91b5ff\" data-element_type=\"container\">\n\t\t\t\t\t<div class=\"e-con-inner\">\n\t\t\t\t<div class=\"elementor-element elementor-element-1fe561b7 elementor-widget elementor-widget-text-editor\" data-id=\"1fe561b7\" data-element_type=\"widget\" data-widget_type=\"text-editor.default\">\n\t\t\t\t<div class=\"elementor-widget-container\">\n\t\t\t\t\t\t\t\t\t\n<p>Global IT Bili\u015fim Hizmetleri A.\u015e (Global IT), as the data controller, processes your personal <strong>data<\/strong> in accordance with the Law on the Protection of Personal Data No. 6698 (KVKK) and other relevant legislation.<\/p>\n\n<p>According to Article 10 of the KVKK, which regulates the Disclosure Obligation, data <em>controllers<\/em> are obliged to inform the <em>relevant persons<\/em> whose personal data they process on certain issues.<\/p>\n\n<p>This clarification text has been prepared in accordance with the Communiqu\u00e9 on the Procedures and Principles to be Followed in the Fulfillment of the Disclosure Obligation published by the Personal Data Protection Authority in order to fulfill the legal obligation.<\/p>\n\n<h2 class=\"wp-block-heading\"><strong>Definitions<\/strong><\/h2>\n\n<p>According to the Law on the Protection of Personal Data No. 6698:<\/p>\n\n<p><strong>Personal data<\/strong> includes any information relating to an identified or identifiable natural person;<\/p>\n\n<p><strong>Processing of personal data<\/strong>any operation performed on personal data, such as obtaining, recording, storing, preserving, changing, rearranging, disclosure, transferring, taking over, making available, classifying or preventing the use of personal data by fully or partially automatic means or by non-automatic means provided that it is part of any data recording system;<\/p>\n\n<p><strong>The person concerned<\/strong> means the natural person whose personal data is processed;<\/p>\n\n<p><strong>The data controller<\/strong> is the natural or legal person who determines the purposes and means of processing personal data and is responsible for the establishment and management of the data recording system.<\/p>\n\n<p><strong>The obligation to clarify<\/strong> is that during the acquisition of personal data, the data controller or the person authorized by him\/her shall notify the relevant persons; the obligation to provide information about the identity of the data controller, the purpose for which the personal data will be processed, to whom and for what purpose the processed personal data can be transferred, the method and legal reason for collecting personal data and other rights listed in Article 11 of the Law;<\/p>\n\n<p>expresses.<\/p>\n\n<h2 class=\"wp-block-heading\"><strong>Contact Person<\/strong><\/h2>\n\n<p>You, whose personal data are processed by <strong>Global IT<\/strong> , are defined as a <strong>Website Visitor<\/strong> due to your visit to our website and are accepted as a Data Subject by the Law.<\/p>\n\n<h2 class=\"wp-block-heading\"><strong>Data Controller<\/strong><\/h2>\n\n<p>It is the <strong>Global IT<\/strong> data controller who determines the purposes and means of processing personal data with respect to personal data concerning you and is responsible for the establishment and management of the data recording system.<\/p>\n\n<h2 class=\"wp-block-heading\"><strong>Obtaining Your Personal Data<\/strong><\/h2>\n\n<p>The following shows your personal data and methods of acquisition. The same personal data can also be obtained by more than one method.<\/p>\n\n<figure class=\"wp-block-table\"><table><tbody><tr><td><em>Method \/ Environment<\/em><\/td><td><em>Data<\/em><\/td><\/tr><tr><td>Electronically <em>directly <\/em> <strong><em>from you by automated means<\/em>\n  \n<\/strong> <\/td><td>Transaction Security (IP Address, Connection Time, <em>IP Protocol Used, Page Visited, Connection End Time, etc.)<\/em> <strong>Identity<\/strong> (<em>First and Last Name<\/em>) Contact (<em>E-Mail Address, Phone Number, Contact Subject<\/em> and Message Content) <strong> <strong>Transaction Security<\/strong> (Sending <strong> <em>Time and Sending Date)<\/em> Marketing <em>(Interested Product, Marketing Message Approval Status);<\/em><strong><\/strong><\/strong><\/strong><\/td><\/tr><\/tbody><\/table><\/figure>\n\n<h2 class=\"wp-block-heading\"><strong>Purposes of Processing Your Personal Data and Legal Reasons<\/strong><\/h2>\n\n<p>The table below lists the legal grounds for processing your personal data and the purposes for which it is processed.<\/p>\n\n<figure class=\"wp-block-table\"><table><tbody><tr><td><em>In accordance with Article 5\/2a of the KVKK, as explicitly stipulated in the laws;<\/em><\/td><\/tr><tr><td>In accordance with the Internet Law <em>(Article 7 \/ 2) in the Law on the Regulation of Publications on the Internet and the Fight Against Crimes Committed Through These Publications <\/em> in order to carry <strong><em>out the activities in accordance with the legislation and to carry out the storage and archive activities<\/em>\n  \n<\/strong>; <\/td><td><strong>Transaction Security<\/strong> (IP Address, Connection Time, <em>IP Protocol Used, Page Visited, Connection End Time, Amount of Data Transferred, etc.)<\/em><\/td><\/tr><\/tbody><\/table><\/figure>\n\n<p>If you contact us via the contact form<\/p>\n\n<figure class=\"wp-block-table\"><table><tbody><tr><td><em>Provided that it does not harm the fundamental rights and freedoms of the data subject in Article 5\/2f of the KVKK, since the data processing is mandatory for the legitimate interests of the data controller;  <\/em><\/td><\/tr><tr><td><strong><em>For the purpose of carrying out communication activities and carrying out storage and archive activities<\/em><\/strong><\/td><td><strong>Identity<\/strong> (First Name, <em>Last Name<\/em>), Contact (<em>E-Mail Address, Phone Number, Message Content, Contact Subject),<\/em> <strong>Transaction Security<\/strong> <em>(Send Date, Send Time)<\/em> <strong><\/strong> <\/td><\/tr><\/tbody><\/table><\/figure>\n\n<p>If you wish to receive commercial electronic messages<\/p>\n\n<figure class=\"wp-block-table\"><table><tbody><tr><td><em>In case you have explicit consent according to Article 5\/1 of KVKK<\/em><\/td><\/tr><tr><td><strong><em>In order to carry out communication activities and to carry out marketing processes of products \/ services<\/em><\/strong><\/td><td><strong>Identity<\/strong> (First Name, <em>Last Name<\/em>), Contact (<em>E-Mail Address, Phone Number<\/em>, Message Content, <strong>Contact<\/strong> Subject), <strong>Transaction Security<\/strong> (Sending <em>Date, Sending Time),<\/em> Marketing <em>(Product of Interest, Marketing Message Approval Status)<\/em> <strong><\/strong><\/td><\/tr><\/tbody><\/table><\/figure>\n\n<h2 class=\"wp-block-heading\"><strong>Transfer of Your Personal Data<\/strong><\/h2>\n\n<p>If your personal data is requested within the framework of Article 28\/1 of the KVKK, it may be transferred to the relevant authorities without any obligation to clarify and without seeking your explicit consent.<\/p>\n\n<p>In addition, in unforeseen cases, your personal data may be transferred to public institutions (administrative authorities such as ministries) specified in the laws within the purposes and limitations stipulated in the law if requested in cases explicitly specified in the laws.<\/p>\n\n<p>Outside of our legal obligations that are not obliged to inform and do not require your explicit consent;  <\/p>\n\n<p>The following table shows the recipients of your personal data transferred and the purposes for which they are transferred.<\/p>\n\n<figure class=\"wp-block-table\"><table><tbody><tr><td><em>Buyer \/ Purpose<\/em><\/td><td><em>Data<\/em><\/td><\/tr><tr><td><strong>\n  <em>Message Management System Inc.<\/em>\n<\/strong><em>for the purpose of carrying out its activities in accordance with the legislation<\/em><\/td><td><strong>Identity<\/strong> (<em>First and Last Name<\/em>) <strong>Contact<\/strong> (<em>E-Mail Address and Phone Number (Mobile<\/em>)) Marketing <em>(Marketing Message Approval Status)<\/em> ;<strong><\/strong><\/td><\/tr><\/tbody><\/table><\/figure>\n\n<h2 class=\"wp-block-heading\"><strong>Your Rights Regarding Your Personal Data<\/strong><\/h2>\n\n<p><strong>Relevant persons<\/strong> must first apply to the data controller in order to exercise their rights regarding their personal data. According to Article 14 of the Law, no complaint can be made directly to the Personal Data Protection Board.<\/p>\n\n<p>In accordance with the law, your personal data<\/p>\n\n<p>a) To learn whether personal data is processed or not,<\/p>\n\n<p>b) If your personal data has been processed, to request information about it,<\/p>\n\n<p>c) To learn the purpose of processing your personal data and whether they are used in accordance with their purpose,<\/p>\n\n<p>\u00e7) To know the third parties to whom your personal data is transferred domestically or abroad,<\/p>\n\n<p>d) Requesting the correction of your personal data if it is incomplete or incorrectly processed,<\/p>\n\n<p>e) Requesting the deletion or destruction of your personal data in the event that the reasons requiring its processing disappear,<\/p>\n\n<p>f) (d) and Requesting that the transactions carried out in accordance with subparagraphs (e) are notified to the third parties to whom your personal data is transferred,<\/p>\n\n<p>g) To object to the occurrence of a result against you by analyzing your processed data exclusively by means of automated systems,<\/p>\n\n<p>\u011f) Requesting the compensation of the damage in case you suffer damage due to the unlawful processing of personal data<\/p>\n\n<p>You can exercise your rights by contacting the data controller, i.e. us.<\/p>\n\n<h2 class=\"wp-block-heading\"><strong>Method of Application to the Data Controller<\/strong><\/h2>\n\n<p>Your application<\/p>\n\n<ul>\n<li><strong>Fulya Mah. Ortaklar Cad. Bahceler Sok. Onsekiz \u0130\u015f Merkezi No:18\/4 \u015ei\u015fli \/ Istanbul \/ TURKEY<\/strong>  in writing to the address;<\/li>\n\n\n\n<li><a href=\"mailto:globalit@hs01.kep.tr\">\n  <strong>globalit@hs01.kep.tr<\/strong>\n<\/a> using your registered electronic mail address to the registered electronic mail address;<\/li>\n\n\n\n<li>You can do this by sending an e-mail to <strong>the kvk@globalit.com.tr<\/strong> address using your e-mail address registered in our system.<\/li>\n<\/ul>\n\n<p>More detailed information about the procedures and principles to be followed when applying can be found in the <a href=\"https:\/\/www.resmigazete.gov.tr\/eskiler\/2018\/03\/20180310-6.htm\">Communiqu\u00e9 on the Procedures and Principles of Application to<\/a> the Data Controller of the Personal Data Protection Authority.<\/p>\n\n<p><\/p>\n\t\t\t\t\t\t\t\t<\/div>\n\t\t\t\t<\/div>\n\t\t\t\t\t<\/div>\n\t\t\t\t<\/div>\n\t\t\t\t<\/div>\n\t\t","protected":false},"excerpt":{"rendered":"<p>Global IT Bili\u015fim Hizmetleri A.\u015e (Global IT), as the data controller, processes your personal data&#8230;<\/p>\n","protected":false},"author":5,"featured_media":0,"parent":10406,"menu_order":0,"comment_status":"closed","ping_status":"closed","template":"elementor_header_footer","meta":{"_acf_changed":false,"inline_featured_image":false,"footnotes":""},"class_list":["post-10488","page","type-page","status-publish"],"acf":[],"yoast_head":"<!-- This site is optimized with the Yoast SEO plugin v26.3 - https:\/\/yoast.com\/wordpress\/plugins\/seo\/ -->\n<title>Website Visitor Clarification Text | Global IT<\/title>\n<meta name=\"description\" content=\"Check out the Clarification Text here, which contains detailed information on how the personal data of visitors to the Global IT website is processed!\" \/>\n<meta name=\"robots\" content=\"noindex, nofollow\" \/>\n<meta property=\"og:locale\" content=\"en_US\" \/>\n<meta property=\"og:type\" content=\"article\" \/>\n<meta property=\"og:title\" content=\"Website Visitor Clarification Text | Global IT\" \/>\n<meta property=\"og:description\" content=\"Check out the Clarification Text here, which contains detailed information on how the personal data of visitors to the Global IT website is processed!\" \/>\n<meta property=\"og:url\" content=\"https:\/\/globalit.com.tr\/en\/kvkk\/website-visitor-clarification-text\/\" \/>\n<meta property=\"og:site_name\" content=\"Global IT\" \/>\n<meta property=\"article:modified_time\" content=\"2025-06-08T12:03:31+00:00\" \/>\n<meta property=\"og:image\" content=\"https:\/\/globalit.com.tr\/wp-content\/uploads\/2024\/05\/graph.png\" \/>\n\t<meta property=\"og:image:width\" content=\"1200\" \/>\n\t<meta property=\"og:image:height\" content=\"600\" \/>\n\t<meta property=\"og:image:type\" content=\"image\/png\" \/>\n<meta name=\"twitter:card\" content=\"summary_large_image\" \/>\n<meta name=\"twitter:label1\" content=\"Est. reading time\" \/>\n\t<meta name=\"twitter:data1\" content=\"6 minutes\" \/>\n<script type=\"application\/ld+json\" class=\"yoast-schema-graph\">{\"@context\":\"https:\/\/schema.org\",\"@graph\":[{\"@type\":\"WebPage\",\"@id\":\"https:\/\/globalit.com.tr\/en\/kvkk\/website-visitor-clarification-text\/\",\"url\":\"https:\/\/globalit.com.tr\/en\/kvkk\/website-visitor-clarification-text\/\",\"name\":\"Website Visitor Clarification Text | Global IT\",\"isPartOf\":{\"@id\":\"https:\/\/globalit.com.tr\/en\/#website\"},\"datePublished\":\"2022-11-03T17:12:23+00:00\",\"dateModified\":\"2025-06-08T12:03:31+00:00\",\"description\":\"Check out the Clarification Text here, which contains detailed information on how the personal data of visitors to the Global IT website is processed!\",\"inLanguage\":\"en-US\",\"potentialAction\":[{\"@type\":\"ReadAction\",\"target\":[\"https:\/\/globalit.com.tr\/en\/kvkk\/website-visitor-clarification-text\/\"]}]},{\"@type\":\"BreadcrumbList\",\"@id\":\"https:\/\/globalit.com.tr\/en\/\",\"itemListElement\":[{\"@type\":\"ListItem\",\"position\":1,\"name\":\"Anasayfa\",\"item\":\"https:\/\/globalit.com.tr\/en\/\"},{\"@type\":\"ListItem\",\"position\":2,\"name\":\"GDPR\",\"item\":\"https:\/\/globalit.com.tr\/en\/kvkk\/\"},{\"@type\":\"ListItem\",\"position\":3,\"name\":\"Website Visitor Clarification Text\"}]},{\"@type\":\"WebSite\",\"@id\":\"https:\/\/globalit.com.tr\/en\/#website\",\"url\":\"https:\/\/globalit.com.tr\/en\/\",\"name\":\"Global IT\",\"description\":\"Google\u2019\u0131n T\u00fcrkiye\u2019deki \u0130lk Bulut \u00c7\u00f6z\u00fcm Orta\u011f\u0131\",\"publisher\":{\"@id\":\"https:\/\/globalit.com.tr\/en\/#organization\"},\"potentialAction\":[{\"@type\":\"SearchAction\",\"target\":{\"@type\":\"EntryPoint\",\"urlTemplate\":\"https:\/\/globalit.com.tr\/en\/?s={search_term_string}\"},\"query-input\":{\"@type\":\"PropertyValueSpecification\",\"valueRequired\":true,\"valueName\":\"search_term_string\"}}],\"inLanguage\":\"en-US\"},{\"@type\":\"Organization\",\"@id\":\"https:\/\/globalit.com.tr\/en\/#organization\",\"name\":\"Global IT Bili\u015fim Hizmetleri A.\u015e.\",\"alternateName\":\"Global IT\",\"url\":\"https:\/\/globalit.com.tr\/en\/\",\"logo\":{\"@type\":\"ImageObject\",\"inLanguage\":\"en-US\",\"@id\":\"https:\/\/globalit.com.tr\/en\/#\/schema\/logo\/image\/\",\"url\":\"https:\/\/globalit.com.tr\/wp-content\/uploads\/2024\/05\/graph.png\",\"contentUrl\":\"https:\/\/globalit.com.tr\/wp-content\/uploads\/2024\/05\/graph.png\",\"width\":1200,\"height\":600,\"caption\":\"Global IT Bili\u015fim Hizmetleri A.\u015e.\"},\"image\":{\"@id\":\"https:\/\/globalit.com.tr\/en\/#\/schema\/logo\/image\/\"},\"sameAs\":[\"https:\/\/www.instagram.com\/globalit_\/\",\"https:\/\/www.youtube.com\/channel\/UCwu91_fuJ6rsyPvogMLP3-A\",\"https:\/\/www.linkedin.com\/company\/global-it-bilisim\/\"]}]}<\/script>\n<!-- \/ Yoast SEO plugin. -->","yoast_head_json":{"title":"Website Visitor Clarification Text | Global IT","description":"Check out the Clarification Text here, which contains detailed information on how the personal data of visitors to the Global IT website is processed!","robots":{"index":"noindex","follow":"nofollow"},"og_locale":"en_US","og_type":"article","og_title":"Website Visitor Clarification Text | Global IT","og_description":"Check out the Clarification Text here, which contains detailed information on how the personal data of visitors to the Global IT website is processed!","og_url":"https:\/\/globalit.com.tr\/en\/kvkk\/website-visitor-clarification-text\/","og_site_name":"Global IT","article_modified_time":"2025-06-08T12:03:31+00:00","og_image":[{"width":1200,"height":600,"url":"https:\/\/globalit.com.tr\/wp-content\/uploads\/2024\/05\/graph.png","type":"image\/png"}],"twitter_card":"summary_large_image","twitter_misc":{"Est. reading time":"6 minutes"},"schema":{"@context":"https:\/\/schema.org","@graph":[{"@type":"WebPage","@id":"https:\/\/globalit.com.tr\/en\/kvkk\/website-visitor-clarification-text\/","url":"https:\/\/globalit.com.tr\/en\/kvkk\/website-visitor-clarification-text\/","name":"Website Visitor Clarification Text | Global IT","isPartOf":{"@id":"https:\/\/globalit.com.tr\/en\/#website"},"datePublished":"2022-11-03T17:12:23+00:00","dateModified":"2025-06-08T12:03:31+00:00","description":"Check out the Clarification Text here, which contains detailed information on how the personal data of visitors to the Global IT website is processed!","inLanguage":"en-US","potentialAction":[{"@type":"ReadAction","target":["https:\/\/globalit.com.tr\/en\/kvkk\/website-visitor-clarification-text\/"]}]},{"@type":"BreadcrumbList","@id":"https:\/\/globalit.com.tr\/en\/","itemListElement":[{"@type":"ListItem","position":1,"name":"Anasayfa","item":"https:\/\/globalit.com.tr\/en\/"},{"@type":"ListItem","position":2,"name":"GDPR","item":"https:\/\/globalit.com.tr\/en\/kvkk\/"},{"@type":"ListItem","position":3,"name":"Website Visitor Clarification Text"}]},{"@type":"WebSite","@id":"https:\/\/globalit.com.tr\/en\/#website","url":"https:\/\/globalit.com.tr\/en\/","name":"Global IT","description":"Google\u2019\u0131n T\u00fcrkiye\u2019deki \u0130lk Bulut \u00c7\u00f6z\u00fcm Orta\u011f\u0131","publisher":{"@id":"https:\/\/globalit.com.tr\/en\/#organization"},"potentialAction":[{"@type":"SearchAction","target":{"@type":"EntryPoint","urlTemplate":"https:\/\/globalit.com.tr\/en\/?s={search_term_string}"},"query-input":{"@type":"PropertyValueSpecification","valueRequired":true,"valueName":"search_term_string"}}],"inLanguage":"en-US"},{"@type":"Organization","@id":"https:\/\/globalit.com.tr\/en\/#organization","name":"Global IT Bili\u015fim Hizmetleri A.\u015e.","alternateName":"Global IT","url":"https:\/\/globalit.com.tr\/en\/","logo":{"@type":"ImageObject","inLanguage":"en-US","@id":"https:\/\/globalit.com.tr\/en\/#\/schema\/logo\/image\/","url":"https:\/\/globalit.com.tr\/wp-content\/uploads\/2024\/05\/graph.png","contentUrl":"https:\/\/globalit.com.tr\/wp-content\/uploads\/2024\/05\/graph.png","width":1200,"height":600,"caption":"Global IT Bili\u015fim Hizmetleri A.\u015e."},"image":{"@id":"https:\/\/globalit.com.tr\/en\/#\/schema\/logo\/image\/"},"sameAs":["https:\/\/www.instagram.com\/globalit_\/","https:\/\/www.youtube.com\/channel\/UCwu91_fuJ6rsyPvogMLP3-A","https:\/\/www.linkedin.com\/company\/global-it-bilisim\/"]}]}},"_links":{"self":[{"href":"https:\/\/globalit.com.tr\/en\/wp-json\/wp\/v2\/pages\/10488","targetHints":{"allow":["GET"]}}],"collection":[{"href":"https:\/\/globalit.com.tr\/en\/wp-json\/wp\/v2\/pages"}],"about":[{"href":"https:\/\/globalit.com.tr\/en\/wp-json\/wp\/v2\/types\/page"}],"author":[{"embeddable":true,"href":"https:\/\/globalit.com.tr\/en\/wp-json\/wp\/v2\/users\/5"}],"replies":[{"embeddable":true,"href":"https:\/\/globalit.com.tr\/en\/wp-json\/wp\/v2\/comments?post=10488"}],"version-history":[{"count":4,"href":"https:\/\/globalit.com.tr\/en\/wp-json\/wp\/v2\/pages\/10488\/revisions"}],"predecessor-version":[{"id":17347,"href":"https:\/\/globalit.com.tr\/en\/wp-json\/wp\/v2\/pages\/10488\/revisions\/17347"}],"up":[{"embeddable":true,"href":"https:\/\/globalit.com.tr\/en\/wp-json\/wp\/v2\/pages\/10406"}],"wp:attachment":[{"href":"https:\/\/globalit.com.tr\/en\/wp-json\/wp\/v2\/media?parent=10488"}],"curies":[{"name":"wp","href":"https:\/\/api.w.org\/{rel}","templated":true}]}}