{"id":10434,"date":"2022-10-17T18:00:08","date_gmt":"2022-10-17T15:00:08","guid":{"rendered":"https:\/\/globalit.com.tr\/communication\/"},"modified":"2026-02-12T10:31:24","modified_gmt":"2026-02-12T07:31:24","slug":"contact","status":"publish","type":"page","link":"https:\/\/globalit.com.tr\/en\/contact\/","title":{"rendered":"Contact"},"content":{"rendered":"\t\t<div data-elementor-type=\"wp-page\" data-elementor-id=\"10434\" class=\"elementor elementor-10434 elementor-7730\" data-elementor-post-type=\"page\">\n\t\t\t\t<div class=\"elementor-element elementor-element-7084376 e-flex e-con-boxed e-con e-parent\" data-id=\"7084376\" data-element_type=\"container\" data-settings=\"{&quot;background_background&quot;:&quot;classic&quot;}\">\n\t\t\t\t\t<div class=\"e-con-inner\">\n\t\t<div class=\"elementor-element elementor-element-198d00a e-flex e-con-boxed e-con e-child\" data-id=\"198d00a\" data-element_type=\"container\" data-settings=\"{&quot;background_background&quot;:&quot;classic&quot;}\">\n\t\t\t\t\t<div class=\"e-con-inner\">\n\t\t<div class=\"elementor-element elementor-element-7807b62 e-con-full e-flex e-con e-child\" data-id=\"7807b62\" data-element_type=\"container\">\n\t\t\t\t<div class=\"elementor-element elementor-element-c8e39d5 elementor-widget__width-initial elementor-widget elementor-widget-heading\" data-id=\"c8e39d5\" data-element_type=\"widget\" data-widget_type=\"heading.default\">\n\t\t\t\t<div class=\"elementor-widget-container\">\n\t\t\t\t\t<h2 class=\"elementor-heading-title elementor-size-default\">Global IT Bili\u015fim\nHizmetleri A.\u015e.<\/h2>\t\t\t\t<\/div>\n\t\t\t\t<\/div>\n\t\t\t\t<div class=\"elementor-element elementor-element-d2f262c elementor-widget__width-initial elementor-widget elementor-widget-heading\" data-id=\"d2f262c\" data-element_type=\"widget\" data-widget_type=\"heading.default\">\n\t\t\t\t<div class=\"elementor-widget-container\">\n\t\t\t\t\t<p class=\"elementor-heading-title elementor-size-default\">Onsekiz \u0130\u015f Merkezi Ortaklar Caddesi\nBah\u00e7eler Sokak 18\/4 \u015ei\u015fli 34394 \u0130stanbul<\/p>\t\t\t\t<\/div>\n\t\t\t\t<\/div>\n\t\t\t\t<div class=\"elementor-element elementor-element-48d1dea elementor-align-left elementor-widget elementor-widget-button\" data-id=\"48d1dea\" data-element_type=\"widget\" data-widget_type=\"button.default\">\n\t\t\t\t<div class=\"elementor-widget-container\">\n\t\t\t\t\t\t\t\t\t<div class=\"elementor-button-wrapper\">\n\t\t\t\t\t<a class=\"elementor-button elementor-button-link elementor-size-sm\" href=\"tel:+902122115001\">\n\t\t\t\t\t\t<span class=\"elementor-button-content-wrapper\">\n\t\t\t\t\t\t<span class=\"elementor-button-icon\">\n\t\t\t\t<svg aria-hidden=\"true\" class=\"e-font-icon-svg e-far-arrow-alt-circle-right\" viewBox=\"0 0 512 512\" xmlns=\"http:\/\/www.w3.org\/2000\/svg\"><path d=\"M504 256C504 119 393 8 256 8S8 119 8 256s111 248 248 248 248-111 248-248zm-448 0c0-110.5 89.5-200 200-200s200 89.5 200 200-89.5 200-200 200S56 366.5 56 256zm72 20v-40c0-6.6 5.4-12 12-12h116v-67c0-10.7 12.9-16 20.5-8.5l99 99c4.7 4.7 4.7 12.3 0 17l-99 99c-7.6 7.6-20.5 2.2-20.5-8.5v-67H140c-6.6 0-12-5.4-12-12z\"><\/path><\/svg>\t\t\t<\/span>\n\t\t\t\t\t\t\t\t\t<span class=\"elementor-button-text\">+90 (212) 211 50 01<\/span>\n\t\t\t\t\t<\/span>\n\t\t\t\t\t<\/a>\n\t\t\t\t<\/div>\n\t\t\t\t\t\t\t\t<\/div>\n\t\t\t\t<\/div>\n\t\t\t\t<div class=\"elementor-element elementor-element-b49d951 elementor-align-left elementor-widget elementor-widget-button\" data-id=\"b49d951\" data-element_type=\"widget\" data-widget_type=\"button.default\">\n\t\t\t\t<div class=\"elementor-widget-container\">\n\t\t\t\t\t\t\t\t\t<div class=\"elementor-button-wrapper\">\n\t\t\t\t\t<a class=\"elementor-button elementor-button-link elementor-size-sm\" href=\"mailto:info@globalit.com.tr\">\n\t\t\t\t\t\t<span class=\"elementor-button-content-wrapper\">\n\t\t\t\t\t\t<span class=\"elementor-button-icon\">\n\t\t\t\t<svg aria-hidden=\"true\" class=\"e-font-icon-svg e-far-arrow-alt-circle-right\" viewBox=\"0 0 512 512\" xmlns=\"http:\/\/www.w3.org\/2000\/svg\"><path d=\"M504 256C504 119 393 8 256 8S8 119 8 256s111 248 248 248 248-111 248-248zm-448 0c0-110.5 89.5-200 200-200s200 89.5 200 200-89.5 200-200 200S56 366.5 56 256zm72 20v-40c0-6.6 5.4-12 12-12h116v-67c0-10.7 12.9-16 20.5-8.5l99 99c4.7 4.7 4.7 12.3 0 17l-99 99c-7.6 7.6-20.5 2.2-20.5-8.5v-67H140c-6.6 0-12-5.4-12-12z\"><\/path><\/svg>\t\t\t<\/span>\n\t\t\t\t\t\t\t\t\t<span class=\"elementor-button-text\">info@globalit.com.tr<\/span>\n\t\t\t\t\t<\/span>\n\t\t\t\t\t<\/a>\n\t\t\t\t<\/div>\n\t\t\t\t\t\t\t\t<\/div>\n\t\t\t\t<\/div>\n\t\t<div class=\"elementor-element elementor-element-79d3717 e-con-full e-flex e-con e-child\" data-id=\"79d3717\" data-element_type=\"container\">\n\t\t\t\t<div class=\"elementor-element elementor-element-35dd8bf elementor-widget elementor-widget-heading\" data-id=\"35dd8bf\" data-element_type=\"widget\" data-widget_type=\"heading.default\">\n\t\t\t\t<div class=\"elementor-widget-container\">\n\t\t\t\t\t<h2 class=\"elementor-heading-title elementor-size-default\"><a href=\"https:\/\/www.linkedin.com\/company\/global-it-bilisim\/\" target=\"_blank\">Linkedin<\/a><\/h2>\t\t\t\t<\/div>\n\t\t\t\t<\/div>\n\t\t\t\t<div class=\"elementor-element elementor-element-f84e6d6 elementor-widget elementor-widget-heading\" data-id=\"f84e6d6\" data-element_type=\"widget\" data-widget_type=\"heading.default\">\n\t\t\t\t<div class=\"elementor-widget-container\">\n\t\t\t\t\t<h2 class=\"elementor-heading-title elementor-size-default\"><a href=\"https:\/\/www.youtube.com\/channel\/UCwu91_fuJ6rsyPvogMLP3-A\"><a href=\"https:\/\/www.youtube.com\/channel\/UCwu91_fuJ6rsyPvogMLP3-A\" target=\"_blank\">YouTube<\/a><\/a><\/h2>\t\t\t\t<\/div>\n\t\t\t\t<\/div>\n\t\t\t\t<div class=\"elementor-element elementor-element-83902e9 elementor-widget elementor-widget-heading\" data-id=\"83902e9\" data-element_type=\"widget\" data-widget_type=\"heading.default\">\n\t\t\t\t<div class=\"elementor-widget-container\">\n\t\t\t\t\t<h2 class=\"elementor-heading-title elementor-size-default\"><a href=\"https:\/\/www.instagram.com\/globalit_\/\"><a href=\"https:\/\/www.instagram.com\/globalit_\/\" target=\"_blank\">Instagram<\/a><\/a><\/h2>\t\t\t\t<\/div>\n\t\t\t\t<\/div>\n\t\t\t\t<\/div>\n\t\t\t\t<\/div>\n\t\t\t\t\t<\/div>\n\t\t\t\t<\/div>\n\t\t<div class=\"elementor-element elementor-element-690d2a2 e-con-full e-flex e-con e-child\" data-id=\"690d2a2\" data-element_type=\"container\" data-settings=\"{&quot;background_background&quot;:&quot;classic&quot;}\">\n\t\t\t\t<div class=\"elementor-element elementor-element-6367151 elementor-widget elementor-widget-heading\" data-id=\"6367151\" data-element_type=\"widget\" data-widget_type=\"heading.default\">\n\t\t\t\t<div class=\"elementor-widget-container\">\n\t\t\t\t\t<h1 class=\"elementor-heading-title elementor-size-default\">Contact<\/h1>\t\t\t\t<\/div>\n\t\t\t\t<\/div>\n\t\t\t\t<div class=\"elementor-element elementor-element-5461aeb elementor-widget elementor-widget-html\" data-id=\"5461aeb\" data-element_type=\"widget\" data-widget_type=\"html.default\">\n\t\t\t\t<div class=\"elementor-widget-container\">\n\t\t\t\t\t<form id=\"olb-form-1\" class=\"olb-form\" method=\"post\" action=\"https:\/\/webto.salesforce.com\/servlet\/servlet.WebToLead?encoding=UTF-8&#038;orgId=00D20000000BeWX\"><div class=\"olb-form-message\" style=\"display:none;\"><\/div><div class=\"olb-form-fields\"><div class=\"olb-form-field olb-field-type-hidden form-item-full\"><input type='hidden' name='oid' id='oid' value='00D20000000BeWX'><\/div><div class=\"olb-form-field olb-field-type-hidden form-item-full\"><input type='hidden' name='retURL' id='retURL' value='https:\/\/globalit.com.tr\/tesekkurler\/'><\/div><div class=\"olb-form-field olb-field-type-hidden form-item-full\"><input type='hidden' name='lead_source' id='lead_source' value='IB \/ Global IT Web Site'><\/div><div class=\"olb-form-field olb-field-type-hidden form-item-full\"><input type='hidden' name='globalit_com_tr' id='globalit_com_tr' value='globalit.com.tr ileti\u015fim sayfas\u0131'><\/div><div class=\"olb-form-field olb-field-type-hidden form-item-full\"><input type='hidden' name='captcha_settings' id='captcha_settings' value='{\"keyname\":\"google\",\"fallback\":\"true\",\"orgId\":\"00D20000000BeWX\",\"ts\":\"\"}'><\/div><div class=\"olb-form-field olb-field-type-text form-item-half\"><label for=\"first_name\">Ad\u0131n\u0131z <span class=\"required\">*<\/span><\/label><input type=\"text\" name=\"first_name\" id=\"first_name\" value=\"\" placeholder=\"\" required><\/div><div class=\"olb-form-field olb-field-type-text form-item-half\"><label for=\"last_name\">Soyad\u0131n\u0131z <span class=\"required\">*<\/span><\/label><input type=\"text\" name=\"last_name\" id=\"last_name\" value=\"\" placeholder=\"\" required><\/div><div class=\"olb-form-field olb-field-type-text form-item-half\"><label for=\"company\">Firma <span class=\"required\">*<\/span><\/label><input type=\"text\" name=\"company\" id=\"company\" value=\"\" placeholder=\"\" required><\/div><div class=\"olb-form-field olb-field-type-text form-item-half\"><label for=\"title\">\u00dcnvan<\/label><input type=\"text\" name=\"title\" id=\"title\" value=\"\" placeholder=\"\"><\/div><div class=\"olb-form-field olb-field-type-email form-item-half\"><label for=\"email\">E-Posta <span class=\"required\">*<\/span><\/label><input type=\"email\" name=\"email\" id=\"email\" value=\"\" placeholder=\"\" required  data-corporate-only=\"true\"><\/div><div class=\"olb-form-field olb-field-type-tel form-item-half\"><label for=\"phone\">Telefon <span class=\"required\">*<\/span><\/label><input type=\"tel\" name=\"phone\" id=\"phone\" value=\"\" placeholder=\"\" pattern=\"[0-9\\+\\-]+\" title=\"Please enter only numbers, + and - characters\" required><\/div><div class=\"olb-form-field olb-field-type-textarea form-item-full\"><label for=\"description\">Mesaj\u0131n\u0131z<\/label><textarea name=\"description\" id=\"description\" placeholder=\"\"><\/textarea><\/div><div class=\"olb-form-field olb-field-type-acceptance form-item-full\"><input type=\"checkbox\" name=\"acceptance\" id=\"acceptance\" value=\"1\"><label for=\"acceptance\">\u00dcr\u00fcn veya hizmetlere ili\u015fkin kampanya ve duyurulardan haberdar olmak i\u00e7in taraf\u0131ma <a href=\"https:\/\/globalit.com.tr\/ticari-elektronik-ileti-acik-riza-metni-ve-beyani\/\" data-wpel-link=\"internal\" target=\"_self\" rel=\"follow\">a\u00e7\u0131k r\u0131za metni<\/a> kapsam\u0131nda ticari elektronik ileti g\u00f6nderilmesini istiyorum.<\/label><\/div><div class=\"olb-form-field olb-field-type-recaptcha form-item-full\"><label for=\"recaptcha\">Captcha<\/label> <div class=\"g-recaptcha\" data-sitekey=\"6Lfx-vAUAAAAAKgm7KorlGPMXPl9FU6BwuVT3qWP\"><\/div><br><\/div><div class=\"olb-form-field olb-field-type-hidden form-item-full\"><input type='hidden' name='debug' id='debug' value='0'><\/div><div class=\"olb-form-field olb-field-type-hidden form-item-full\"><input type='hidden' name='debugEmail' id='debugEmail' value='burak@olbia.digital'><\/div><\/div><input type=\"hidden\" id=\"olb_nonce\" name=\"olb_nonce\" value=\"683ddf68b5\" \/><input type=\"hidden\" name=\"_wp_http_referer\" value=\"\/en\/wp-json\/wp\/v2\/pages\/10434\" \/><input type='hidden' name='form_id' value='1'><div class=\"olb-form-submit\"><button type=\"submit\" class=\"olb-submit-button\">Submit<\/button><\/div><\/form>\t\t\t\t<\/div>\n\t\t\t\t<\/div>\n\t\t\t\t<\/div>\n\t\t\t\t\t<\/div>\n\t\t\t\t<\/div>\n\t\t\t\t<\/div>\n\t\t","protected":false},"excerpt":{"rendered":"<p>Global IT Bili\u015fim Hizmetleri A.\u015e. Onsekiz \u0130\u015f Merkezi Ortaklar Caddesi Bah\u00e7eler Sokak 18\/4 \u015ei\u015fli 34394&#8230;<\/p>\n","protected":false},"author":5,"featured_media":10247,"parent":0,"menu_order":0,"comment_status":"closed","ping_status":"closed","template":"elementor_header_footer","meta":{"_acf_changed":false,"inline_featured_image":false,"footnotes":""},"class_list":["post-10434","page","type-page","status-publish","has-post-thumbnail"],"acf":[],"yoast_head":"<!-- This site is optimized with the Yoast SEO plugin v26.3 - https:\/\/yoast.com\/wordpress\/plugins\/seo\/ -->\n<title>Contact - Global IT<\/title>\n<meta name=\"description\" content=\"Contact Global IT and learn about our tailor-made solutions for your business. Contact us by phone, email or contact form.\" \/>\n<meta name=\"robots\" content=\"index, follow, max-snippet:-1, max-image-preview:large, max-video-preview:-1\" \/>\n<link rel=\"canonical\" href=\"https:\/\/globalit.com.tr\/en\/contact\/\" \/>\n<meta property=\"og:locale\" content=\"en_US\" \/>\n<meta property=\"og:type\" content=\"article\" \/>\n<meta property=\"og:title\" content=\"Contact - Global IT\" \/>\n<meta property=\"og:description\" content=\"Contact Global IT and learn about our tailor-made solutions for your business. Contact us by phone, email or contact form.\" \/>\n<meta property=\"og:url\" content=\"https:\/\/globalit.com.tr\/en\/contact\/\" \/>\n<meta property=\"og:site_name\" content=\"Global IT\" \/>\n<meta property=\"article:modified_time\" content=\"2026-02-12T07:31:24+00:00\" \/>\n<meta property=\"og:image\" content=\"https:\/\/globalit.com.tr\/wp-content\/uploads\/2023\/02\/social-1.jpg\" \/>\n\t<meta property=\"og:image:width\" content=\"500\" \/>\n\t<meta property=\"og:image:height\" content=\"500\" \/>\n\t<meta property=\"og:image:type\" content=\"image\/jpeg\" \/>\n<meta name=\"twitter:card\" content=\"summary_large_image\" \/>\n<meta name=\"twitter:label1\" content=\"Est. reading time\" \/>\n\t<meta name=\"twitter:data1\" content=\"1 minute\" \/>\n<script type=\"application\/ld+json\" class=\"yoast-schema-graph\">{\"@context\":\"https:\/\/schema.org\",\"@graph\":[{\"@type\":\"WebPage\",\"@id\":\"https:\/\/globalit.com.tr\/en\/contact\/\",\"url\":\"https:\/\/globalit.com.tr\/en\/contact\/\",\"name\":\"Contact - Global IT\",\"isPartOf\":{\"@id\":\"https:\/\/globalit.com.tr\/en\/#website\"},\"primaryImageOfPage\":{\"@id\":\"https:\/\/globalit.com.tr\/en\/contact\/#primaryimage\"},\"image\":{\"@id\":\"https:\/\/globalit.com.tr\/en\/contact\/#primaryimage\"},\"thumbnailUrl\":\"https:\/\/globalit.com.tr\/wp-content\/uploads\/2023\/02\/social-1.jpg\",\"datePublished\":\"2022-10-17T15:00:08+00:00\",\"dateModified\":\"2026-02-12T07:31:24+00:00\",\"description\":\"Contact Global IT and learn about our tailor-made solutions for your business. Contact us by phone, email or contact form.\",\"inLanguage\":\"en-US\",\"potentialAction\":[{\"@type\":\"ReadAction\",\"target\":[\"https:\/\/globalit.com.tr\/en\/contact\/\"]}]},{\"@type\":\"ImageObject\",\"inLanguage\":\"en-US\",\"@id\":\"https:\/\/globalit.com.tr\/en\/contact\/#primaryimage\",\"url\":\"https:\/\/globalit.com.tr\/wp-content\/uploads\/2023\/02\/social-1.jpg\",\"contentUrl\":\"https:\/\/globalit.com.tr\/wp-content\/uploads\/2023\/02\/social-1.jpg\",\"width\":500,\"height\":500},{\"@type\":\"BreadcrumbList\",\"@id\":\"https:\/\/globalit.com.tr\/en\/\",\"itemListElement\":[{\"@type\":\"ListItem\",\"position\":1,\"name\":\"Anasayfa\",\"item\":\"https:\/\/globalit.com.tr\/en\/\"},{\"@type\":\"ListItem\",\"position\":2,\"name\":\"Contact\"}]},{\"@type\":\"WebSite\",\"@id\":\"https:\/\/globalit.com.tr\/en\/#website\",\"url\":\"https:\/\/globalit.com.tr\/en\/\",\"name\":\"Global IT\",\"description\":\"Google\u2019\u0131n T\u00fcrkiye\u2019deki \u0130lk Bulut \u00c7\u00f6z\u00fcm Orta\u011f\u0131\",\"publisher\":{\"@id\":\"https:\/\/globalit.com.tr\/en\/#organization\"},\"potentialAction\":[{\"@type\":\"SearchAction\",\"target\":{\"@type\":\"EntryPoint\",\"urlTemplate\":\"https:\/\/globalit.com.tr\/en\/?s={search_term_string}\"},\"query-input\":{\"@type\":\"PropertyValueSpecification\",\"valueRequired\":true,\"valueName\":\"search_term_string\"}}],\"inLanguage\":\"en-US\"},{\"@type\":\"Organization\",\"@id\":\"https:\/\/globalit.com.tr\/en\/#organization\",\"name\":\"Global IT Bili\u015fim Hizmetleri A.\u015e.\",\"alternateName\":\"Global IT\",\"url\":\"https:\/\/globalit.com.tr\/en\/\",\"logo\":{\"@type\":\"ImageObject\",\"inLanguage\":\"en-US\",\"@id\":\"https:\/\/globalit.com.tr\/en\/#\/schema\/logo\/image\/\",\"url\":\"https:\/\/globalit.com.tr\/wp-content\/uploads\/2024\/05\/graph.png\",\"contentUrl\":\"https:\/\/globalit.com.tr\/wp-content\/uploads\/2024\/05\/graph.png\",\"width\":1200,\"height\":600,\"caption\":\"Global IT Bili\u015fim Hizmetleri A.\u015e.\"},\"image\":{\"@id\":\"https:\/\/globalit.com.tr\/en\/#\/schema\/logo\/image\/\"},\"sameAs\":[\"https:\/\/www.instagram.com\/globalit_\/\",\"https:\/\/www.youtube.com\/channel\/UCwu91_fuJ6rsyPvogMLP3-A\",\"https:\/\/www.linkedin.com\/company\/global-it-bilisim\/\"]}]}<\/script>\n<!-- \/ Yoast SEO plugin. -->","yoast_head_json":{"title":"Contact - Global IT","description":"Contact Global IT and learn about our tailor-made solutions for your business. Contact us by phone, email or contact form.","robots":{"index":"index","follow":"follow","max-snippet":"max-snippet:-1","max-image-preview":"max-image-preview:large","max-video-preview":"max-video-preview:-1"},"canonical":"https:\/\/globalit.com.tr\/en\/contact\/","og_locale":"en_US","og_type":"article","og_title":"Contact - Global IT","og_description":"Contact Global IT and learn about our tailor-made solutions for your business. Contact us by phone, email or contact form.","og_url":"https:\/\/globalit.com.tr\/en\/contact\/","og_site_name":"Global IT","article_modified_time":"2026-02-12T07:31:24+00:00","og_image":[{"width":500,"height":500,"url":"https:\/\/globalit.com.tr\/wp-content\/uploads\/2023\/02\/social-1.jpg","type":"image\/jpeg"}],"twitter_card":"summary_large_image","twitter_misc":{"Est. reading time":"1 minute"},"schema":{"@context":"https:\/\/schema.org","@graph":[{"@type":"WebPage","@id":"https:\/\/globalit.com.tr\/en\/contact\/","url":"https:\/\/globalit.com.tr\/en\/contact\/","name":"Contact - Global IT","isPartOf":{"@id":"https:\/\/globalit.com.tr\/en\/#website"},"primaryImageOfPage":{"@id":"https:\/\/globalit.com.tr\/en\/contact\/#primaryimage"},"image":{"@id":"https:\/\/globalit.com.tr\/en\/contact\/#primaryimage"},"thumbnailUrl":"https:\/\/globalit.com.tr\/wp-content\/uploads\/2023\/02\/social-1.jpg","datePublished":"2022-10-17T15:00:08+00:00","dateModified":"2026-02-12T07:31:24+00:00","description":"Contact Global IT and learn about our tailor-made solutions for your business. Contact us by phone, email or contact form.","inLanguage":"en-US","potentialAction":[{"@type":"ReadAction","target":["https:\/\/globalit.com.tr\/en\/contact\/"]}]},{"@type":"ImageObject","inLanguage":"en-US","@id":"https:\/\/globalit.com.tr\/en\/contact\/#primaryimage","url":"https:\/\/globalit.com.tr\/wp-content\/uploads\/2023\/02\/social-1.jpg","contentUrl":"https:\/\/globalit.com.tr\/wp-content\/uploads\/2023\/02\/social-1.jpg","width":500,"height":500},{"@type":"BreadcrumbList","@id":"https:\/\/globalit.com.tr\/en\/","itemListElement":[{"@type":"ListItem","position":1,"name":"Anasayfa","item":"https:\/\/globalit.com.tr\/en\/"},{"@type":"ListItem","position":2,"name":"Contact"}]},{"@type":"WebSite","@id":"https:\/\/globalit.com.tr\/en\/#website","url":"https:\/\/globalit.com.tr\/en\/","name":"Global IT","description":"Google\u2019\u0131n T\u00fcrkiye\u2019deki \u0130lk Bulut \u00c7\u00f6z\u00fcm Orta\u011f\u0131","publisher":{"@id":"https:\/\/globalit.com.tr\/en\/#organization"},"potentialAction":[{"@type":"SearchAction","target":{"@type":"EntryPoint","urlTemplate":"https:\/\/globalit.com.tr\/en\/?s={search_term_string}"},"query-input":{"@type":"PropertyValueSpecification","valueRequired":true,"valueName":"search_term_string"}}],"inLanguage":"en-US"},{"@type":"Organization","@id":"https:\/\/globalit.com.tr\/en\/#organization","name":"Global IT Bili\u015fim Hizmetleri A.\u015e.","alternateName":"Global IT","url":"https:\/\/globalit.com.tr\/en\/","logo":{"@type":"ImageObject","inLanguage":"en-US","@id":"https:\/\/globalit.com.tr\/en\/#\/schema\/logo\/image\/","url":"https:\/\/globalit.com.tr\/wp-content\/uploads\/2024\/05\/graph.png","contentUrl":"https:\/\/globalit.com.tr\/wp-content\/uploads\/2024\/05\/graph.png","width":1200,"height":600,"caption":"Global IT Bili\u015fim Hizmetleri A.\u015e."},"image":{"@id":"https:\/\/globalit.com.tr\/en\/#\/schema\/logo\/image\/"},"sameAs":["https:\/\/www.instagram.com\/globalit_\/","https:\/\/www.youtube.com\/channel\/UCwu91_fuJ6rsyPvogMLP3-A","https:\/\/www.linkedin.com\/company\/global-it-bilisim\/"]}]}},"_links":{"self":[{"href":"https:\/\/globalit.com.tr\/en\/wp-json\/wp\/v2\/pages\/10434","targetHints":{"allow":["GET"]}}],"collection":[{"href":"https:\/\/globalit.com.tr\/en\/wp-json\/wp\/v2\/pages"}],"about":[{"href":"https:\/\/globalit.com.tr\/en\/wp-json\/wp\/v2\/types\/page"}],"author":[{"embeddable":true,"href":"https:\/\/globalit.com.tr\/en\/wp-json\/wp\/v2\/users\/5"}],"replies":[{"embeddable":true,"href":"https:\/\/globalit.com.tr\/en\/wp-json\/wp\/v2\/comments?post=10434"}],"version-history":[{"count":20,"href":"https:\/\/globalit.com.tr\/en\/wp-json\/wp\/v2\/pages\/10434\/revisions"}],"predecessor-version":[{"id":17998,"href":"https:\/\/globalit.com.tr\/en\/wp-json\/wp\/v2\/pages\/10434\/revisions\/17998"}],"wp:featuredmedia":[{"embeddable":true,"href":"https:\/\/globalit.com.tr\/en\/wp-json\/wp\/v2\/media\/10247"}],"wp:attachment":[{"href":"https:\/\/globalit.com.tr\/en\/wp-json\/wp\/v2\/media?parent=10434"}],"curies":[{"name":"wp","href":"https:\/\/api.w.org\/{rel}","templated":true}]}}