{"id":10406,"date":"2022-10-17T12:16:28","date_gmt":"2022-10-17T09:16:28","guid":{"rendered":"https:\/\/globalit.com.tr\/kvkk\/"},"modified":"2024-02-02T21:59:46","modified_gmt":"2024-02-02T18:59:46","slug":"kvkk","status":"publish","type":"page","link":"https:\/\/globalit.com.tr\/en\/kvkk\/","title":{"rendered":"GDPR"},"content":{"rendered":"[vc_row type=&#8221;full_width_content&#8221; full_screen_row_position=&#8221;middle&#8221; column_margin=&#8221;default&#8221; column_direction=&#8221;default&#8221; column_direction_tablet=&#8221;default&#8221; column_direction_phone=&#8221;default&#8221; bg_color=&#8221;#ffffff&#8221; scene_position=&#8221;center&#8221; top_padding=&#8221;4%&#8221; bottom_padding=&#8221;2%&#8221; constrain_group_2=&#8221;yes&#8221; top_padding_tablet=&#8221;20%&#8221; bottom_padding_tablet=&#8221;10%&#8221; left_padding_tablet=&#8221;20%&#8221; constrain_group_4=&#8221;yes&#8221; right_padding_tablet=&#8221;20%&#8221; left_padding_phone=&#8221;6%&#8221; constrain_group_6=&#8221;yes&#8221; right_padding_phone=&#8221;6%&#8221; text_color=&#8221;dark&#8221; text_align=&#8221;left&#8221; row_border_radius=&#8221;none&#8221; row_border_radius_applies=&#8221;bg&#8221; overflow=&#8221;visible&#8221; advanced_gradient_angle=&#8221;0&#8243; overlay_strength=&#8221;0.3&#8243; gradient_direction=&#8221;left_to_right&#8221; shape_divider_position=&#8221;bottom&#8221; bg_image_animation=&#8221;none&#8221; gradient_type=&#8221;default&#8221; shape_type=&#8221;&#8221;][vc_column column_padding=&#8221;no-extra-padding&#8221; column_padding_tablet=&#8221;inherit&#8221; column_padding_phone=&#8221;inherit&#8221; column_padding_position=&#8221;all&#8221; column_element_direction_desktop=&#8221;default&#8221; column_element_spacing=&#8221;0px&#8221; centered_text=&#8221;true&#8221; desktop_text_alignment=&#8221;default&#8221; tablet_text_alignment=&#8221;default&#8221; phone_text_alignment=&#8221;default&#8221; background_color_opacity=&#8221;1&#8243; background_hover_color_opacity=&#8221;1&#8243; column_backdrop_filter=&#8221;none&#8221; column_shadow=&#8221;none&#8221; column_border_radius=&#8221;none&#8221; column_link_target=&#8221;_self&#8221; column_position=&#8221;default&#8221; advanced_gradient_angle=&#8221;0&#8243; gradient_direction=&#8221;left_to_right&#8221; overlay_strength=&#8221;0.3&#8243; width=&#8221;1\/1&#8243; tablet_width_inherit=&#8221;default&#8221; animation_type=&#8221;default&#8221; bg_image_animation=&#8221;none&#8221; border_type=&#8221;simple&#8221; column_border_width=&#8221;none&#8221; column_border_style=&#8221;solid&#8221; gradient_type=&#8221;default&#8221;][vc_row_inner column_margin=&#8221;20px&#8221; column_direction=&#8221;default&#8221; column_direction_tablet=&#8221;default&#8221; column_direction_phone=&#8221;default&#8221; text_align=&#8221;left&#8221; row_position=&#8221;default&#8221; row_position_tablet=&#8221;inherit&#8221; row_position_phone=&#8221;inherit&#8221; overflow=&#8221;visible&#8221; pointer_events=&#8221;all&#8221;][vc_column_inner column_padding=&#8221;no-extra-padding&#8221; column_padding_tablet=&#8221;inherit&#8221; column_padding_phone=&#8221;inherit&#8221; column_padding_position=&#8221;all&#8221; bottom_margin=&#8221;20&#8243; column_element_direction_desktop=&#8221;default&#8221; column_element_spacing=&#8221;0px&#8221; desktop_text_alignment=&#8221;default&#8221; tablet_text_alignment=&#8221;default&#8221; phone_text_alignment=&#8221;default&#8221; background_color_opacity=&#8221;1&#8243; background_hover_color_opacity=&#8221;1&#8243; column_backdrop_filter=&#8221;none&#8221; column_shadow=&#8221;none&#8221; column_border_radius=&#8221;none&#8221; column_link_target=&#8221;_self&#8221; overflow=&#8221;visible&#8221; advanced_gradient_angle=&#8221;0&#8243; gradient_direction=&#8221;left_to_right&#8221; overlay_strength=&#8221;0.3&#8243; width=&#8221;1\/1&#8243; tablet_width_inherit=&#8221;default&#8221; animation_type=&#8221;default&#8221; enable_animation=&#8221;true&#8221; animation=&#8221;fade-in-from-bottom&#8221; animation_easing=&#8221;default&#8221; bg_image_animation=&#8221;none&#8221; border_type=&#8221;simple&#8221; column_border_width=&#8221;none&#8221; column_border_style=&#8221;solid&#8221; gradient_type=&#8221;default&#8221; animation_offset=&#8221;80%&#8221;][split_line_heading animation_type=&#8221;line-reveal-by-space&#8221; font_style=&#8221;h1&#8243; line_reveal_by_space_text_effect=&#8221;default&#8221; stagger_animation=&#8221;true&#8221; content_alignment=&#8221;default&#8221; mobile_content_alignment=&#8221;inherit&#8221; link_target=&#8221;_self&#8221; text_content=&#8221;GDPR Clarification Texts&#8221; font_size=&#8221;3vw&#8221; font_size_phone=&#8221;10vw&#8221;][\/split_line_heading][\/vc_column_inner][\/vc_row_inner][\/vc_column][\/vc_row][vc_row type=&#8221;full_width_content&#8221; full_screen_row_position=&#8221;middle&#8221; column_margin=&#8221;20px&#8221; equal_height=&#8221;yes&#8221; column_direction=&#8221;default&#8221; column_direction_tablet=&#8221;default&#8221; column_direction_phone=&#8221;default&#8221; bg_color=&#8221;#ffffff&#8221; scene_position=&#8221;center&#8221; top_padding=&#8221;4%&#8221; constrain_group_1=&#8221;yes&#8221; bottom_padding=&#8221;4%&#8221; left_padding_desktop=&#8221;5%&#8221; constrain_group_2=&#8221;yes&#8221; right_padding_desktop=&#8221;5%&#8221; left_padding_phone=&#8221;14px&#8221; constrain_group_6=&#8221;yes&#8221; right_padding_phone=&#8221;14px&#8221; bottom_margin=&#8221;0&#8243; text_color=&#8221;dark&#8221; text_align=&#8221;center&#8221; row_border_radius=&#8221;none&#8221; row_border_radius_applies=&#8221;bg&#8221; zindex=&#8221;10&#8243; overflow=&#8221;visible&#8221; class=&#8221;withborder globalbuttons&#8221; advanced_gradient_angle=&#8221;0&#8243; overlay_strength=&#8221;0.3&#8243; gradient_direction=&#8221;left_to_right&#8221; shape_divider_position=&#8221;bottom&#8221; bg_image_animation=&#8221;none&#8221; shape_type=&#8221;&#8221; gradient_type=&#8221;default&#8221;][vc_column column_padding=&#8221;no-extra-padding&#8221; column_padding_tablet=&#8221;inherit&#8221; column_padding_phone=&#8221;inherit&#8221; column_padding_position=&#8221;all&#8221; column_element_direction_desktop=&#8221;default&#8221; column_element_spacing=&#8221;default&#8221; desktop_text_alignment=&#8221;default&#8221; tablet_text_alignment=&#8221;default&#8221; phone_text_alignment=&#8221;default&#8221; background_color_opacity=&#8221;1&#8243; background_hover_color_opacity=&#8221;1&#8243; column_backdrop_filter=&#8221;none&#8221; column_shadow=&#8221;none&#8221; column_border_radius=&#8221;none&#8221; column_link_target=&#8221;_self&#8221; column_position=&#8221;default&#8221; gradient_direction=&#8221;left_to_right&#8221; overlay_strength=&#8221;0.3&#8243; width=&#8221;1\/4&#8243; tablet_width_inherit=&#8221;default&#8221; animation_type=&#8221;default&#8221; bg_image_animation=&#8221;none&#8221; border_type=&#8221;simple&#8221; column_border_width=&#8221;none&#8221; column_border_style=&#8221;solid&#8221;][\/vc_column][vc_column column_padding=&#8221;no-extra-padding&#8221; column_padding_tablet=&#8221;inherit&#8221; column_padding_phone=&#8221;inherit&#8221; column_padding_position=&#8221;all&#8221; column_element_direction_desktop=&#8221;default&#8221; column_element_spacing=&#8221;default&#8221; desktop_text_alignment=&#8221;default&#8221; tablet_text_alignment=&#8221;default&#8221; phone_text_alignment=&#8221;default&#8221; background_color_opacity=&#8221;1&#8243; background_hover_color_opacity=&#8221;1&#8243; column_backdrop_filter=&#8221;none&#8221; column_shadow=&#8221;none&#8221; column_border_radius=&#8221;none&#8221; column_link_target=&#8221;_self&#8221; column_position=&#8221;default&#8221; gradient_direction=&#8221;left_to_right&#8221; overlay_strength=&#8221;0.3&#8243; width=&#8221;1\/4&#8243; tablet_width_inherit=&#8221;default&#8221; animation_type=&#8221;default&#8221; bg_image_animation=&#8221;none&#8221; border_type=&#8221;simple&#8221; column_border_width=&#8221;none&#8221; column_border_style=&#8221;solid&#8221;][nectar_btn size=&#8221;large&#8221; open_new_tab=&#8221;true&#8221; button_style=&#8221;regular&#8221; button_color_2=&#8221;Accent-Color&#8221; icon_family=&#8221;default_arrow&#8221; url=&#8221;https:\/\/globalit.com.tr\/en\/privacy-notice\/&#8221; text=&#8221;Privacy Notice&#8221; margin_top=&#8221;25&#8243; css_animation=&#8221;slideInUp&#8221;][\/vc_column][vc_column column_padding=&#8221;no-extra-padding&#8221; column_padding_tablet=&#8221;inherit&#8221; column_padding_phone=&#8221;inherit&#8221; column_padding_position=&#8221;all&#8221; column_element_direction_desktop=&#8221;default&#8221; column_element_spacing=&#8221;default&#8221; desktop_text_alignment=&#8221;default&#8221; tablet_text_alignment=&#8221;default&#8221; phone_text_alignment=&#8221;default&#8221; background_color_opacity=&#8221;1&#8243; background_hover_color_opacity=&#8221;1&#8243; column_backdrop_filter=&#8221;none&#8221; column_shadow=&#8221;none&#8221; column_border_radius=&#8221;none&#8221; column_link_target=&#8221;_self&#8221; column_position=&#8221;default&#8221; gradient_direction=&#8221;left_to_right&#8221; overlay_strength=&#8221;0.3&#8243; width=&#8221;1\/4&#8243; tablet_width_inherit=&#8221;default&#8221; animation_type=&#8221;default&#8221; bg_image_animation=&#8221;none&#8221; border_type=&#8221;simple&#8221; column_border_width=&#8221;none&#8221; column_border_style=&#8221;solid&#8221;][\/vc_column][vc_column column_padding=&#8221;no-extra-padding&#8221; column_padding_tablet=&#8221;inherit&#8221; column_padding_phone=&#8221;inherit&#8221; column_padding_position=&#8221;all&#8221; column_element_direction_desktop=&#8221;default&#8221; column_element_spacing=&#8221;default&#8221; desktop_text_alignment=&#8221;default&#8221; tablet_text_alignment=&#8221;default&#8221; phone_text_alignment=&#8221;default&#8221; background_color_opacity=&#8221;1&#8243; background_hover_color_opacity=&#8221;1&#8243; column_backdrop_filter=&#8221;none&#8221; column_shadow=&#8221;none&#8221; column_border_radius=&#8221;none&#8221; column_link_target=&#8221;_self&#8221; column_position=&#8221;default&#8221; gradient_direction=&#8221;left_to_right&#8221; overlay_strength=&#8221;0.3&#8243; width=&#8221;1\/4&#8243; tablet_width_inherit=&#8221;default&#8221; animation_type=&#8221;default&#8221; bg_image_animation=&#8221;none&#8221; border_type=&#8221;simple&#8221; column_border_width=&#8221;none&#8221; column_border_style=&#8221;solid&#8221;][\/vc_column][\/vc_row]\n","protected":false},"excerpt":{"rendered":"<p>[vc_row type=&#8221;full_width_content&#8221; full_screen_row_position=&#8221;middle&#8221; column_margin=&#8221;default&#8221; column_direction=&#8221;default&#8221; column_direction_tablet=&#8221;default&#8221; column_direction_phone=&#8221;default&#8221; bg_color=&#8221;#ffffff&#8221; scene_position=&#8221;center&#8221; top_padding=&#8221;4%&#8221; bottom_padding=&#8221;2%&#8221; constrain_group_2=&#8221;yes&#8221; top_padding_tablet=&#8221;20%&#8221; bottom_padding_tablet=&#8221;10%&#8221; left_padding_tablet=&#8221;20%&#8221;&#8230;<\/p>\n","protected":false},"author":5,"featured_media":0,"parent":0,"menu_order":0,"comment_status":"closed","ping_status":"closed","template":"elementor_header_footer","meta":{"_acf_changed":false,"inline_featured_image":false,"footnotes":""},"class_list":["post-10406","page","type-page","status-publish"],"acf":[],"yoast_head":"<!-- This site is optimized with the Yoast SEO plugin v26.3 - https:\/\/yoast.com\/wordpress\/plugins\/seo\/ -->\n<title>KVKK Compliant Data Security and Consultancy Services<\/title>\n<meta name=\"description\" content=\"Get compliant data security and consultancy services within the scope of the Personal Data Protection Law (KVKK) now!\" \/>\n<meta name=\"robots\" content=\"index, follow, max-snippet:-1, max-image-preview:large, max-video-preview:-1\" \/>\n<link rel=\"canonical\" href=\"https:\/\/globalit.com.tr\/en\/kvkk\/\" \/>\n<meta property=\"og:locale\" content=\"en_US\" \/>\n<meta property=\"og:type\" content=\"article\" \/>\n<meta property=\"og:title\" content=\"KVKK Compliant Data Security and Consultancy Services\" \/>\n<meta property=\"og:description\" content=\"Get compliant data security and consultancy services within the scope of the Personal Data Protection Law (KVKK) now!\" \/>\n<meta property=\"og:url\" content=\"https:\/\/globalit.com.tr\/en\/kvkk\/\" \/>\n<meta property=\"og:site_name\" content=\"Global IT\" \/>\n<meta property=\"article:modified_time\" content=\"2024-02-02T18:59:46+00:00\" \/>\n<meta property=\"og:image\" content=\"https:\/\/globalit.com.tr\/wp-content\/uploads\/2024\/05\/graph.png\" \/>\n\t<meta property=\"og:image:width\" content=\"1200\" \/>\n\t<meta property=\"og:image:height\" content=\"600\" \/>\n\t<meta property=\"og:image:type\" content=\"image\/png\" \/>\n<meta name=\"twitter:card\" content=\"summary_large_image\" \/>\n<meta name=\"twitter:label1\" content=\"Est. reading time\" \/>\n\t<meta name=\"twitter:data1\" content=\"2 minutes\" \/>\n<script type=\"application\/ld+json\" class=\"yoast-schema-graph\">{\"@context\":\"https:\/\/schema.org\",\"@graph\":[{\"@type\":\"WebPage\",\"@id\":\"https:\/\/globalit.com.tr\/en\/kvkk\/\",\"url\":\"https:\/\/globalit.com.tr\/en\/kvkk\/\",\"name\":\"KVKK Compliant Data Security and Consultancy Services\",\"isPartOf\":{\"@id\":\"https:\/\/globalit.com.tr\/en\/#website\"},\"datePublished\":\"2022-10-17T09:16:28+00:00\",\"dateModified\":\"2024-02-02T18:59:46+00:00\",\"description\":\"Get compliant data security and consultancy services within the scope of the Personal Data Protection Law (KVKK) now!\",\"breadcrumb\":{\"@id\":\"https:\/\/globalit.com.tr\/en\/kvkk\/#breadcrumb\"},\"inLanguage\":\"en-US\",\"potentialAction\":[{\"@type\":\"ReadAction\",\"target\":[\"https:\/\/globalit.com.tr\/en\/kvkk\/\"]}]},{\"@type\":\"BreadcrumbList\",\"@id\":\"https:\/\/globalit.com.tr\/en\/kvkk\/#breadcrumb\",\"itemListElement\":[{\"@type\":\"ListItem\",\"position\":1,\"name\":\"Anasayfa\",\"item\":\"https:\/\/globalit.com.tr\/en\/\"},{\"@type\":\"ListItem\",\"position\":2,\"name\":\"GDPR\"}]},{\"@type\":\"WebSite\",\"@id\":\"https:\/\/globalit.com.tr\/en\/#website\",\"url\":\"https:\/\/globalit.com.tr\/en\/\",\"name\":\"Global IT\",\"description\":\"Google\u2019\u0131n T\u00fcrkiye\u2019deki \u0130lk Bulut \u00c7\u00f6z\u00fcm Orta\u011f\u0131\",\"publisher\":{\"@id\":\"https:\/\/globalit.com.tr\/en\/#organization\"},\"potentialAction\":[{\"@type\":\"SearchAction\",\"target\":{\"@type\":\"EntryPoint\",\"urlTemplate\":\"https:\/\/globalit.com.tr\/en\/?s={search_term_string}\"},\"query-input\":{\"@type\":\"PropertyValueSpecification\",\"valueRequired\":true,\"valueName\":\"search_term_string\"}}],\"inLanguage\":\"en-US\"},{\"@type\":\"Organization\",\"@id\":\"https:\/\/globalit.com.tr\/en\/#organization\",\"name\":\"Global IT\",\"url\":\"https:\/\/globalit.com.tr\/en\/\",\"logo\":{\"@type\":\"ImageObject\",\"inLanguage\":\"en-US\",\"@id\":\"https:\/\/globalit.com.tr\/en\/#\/schema\/logo\/image\/\",\"url\":\"https:\/\/globalit.com.tr\/wp-content\/uploads\/2024\/05\/graph.png\",\"contentUrl\":\"https:\/\/globalit.com.tr\/wp-content\/uploads\/2024\/05\/graph.png\",\"width\":1200,\"height\":600,\"caption\":\"Global IT\"},\"image\":{\"@id\":\"https:\/\/globalit.com.tr\/en\/#\/schema\/logo\/image\/\"},\"sameAs\":[\"https:\/\/www.instagram.com\/globalit_\/\",\"https:\/\/www.youtube.com\/channel\/UCwu91_fuJ6rsyPvogMLP3-A\",\"https:\/\/www.linkedin.com\/company\/global-it-bilisim\/\"]}]}<\/script>\n<!-- \/ Yoast SEO plugin. -->","yoast_head_json":{"title":"KVKK Compliant Data Security and Consultancy Services","description":"Get compliant data security and consultancy services within the scope of the Personal Data Protection Law (KVKK) now!","robots":{"index":"index","follow":"follow","max-snippet":"max-snippet:-1","max-image-preview":"max-image-preview:large","max-video-preview":"max-video-preview:-1"},"canonical":"https:\/\/globalit.com.tr\/en\/kvkk\/","og_locale":"en_US","og_type":"article","og_title":"KVKK Compliant Data Security and Consultancy Services","og_description":"Get compliant data security and consultancy services within the scope of the Personal Data Protection Law (KVKK) now!","og_url":"https:\/\/globalit.com.tr\/en\/kvkk\/","og_site_name":"Global IT","article_modified_time":"2024-02-02T18:59:46+00:00","og_image":[{"width":1200,"height":600,"url":"https:\/\/globalit.com.tr\/wp-content\/uploads\/2024\/05\/graph.png","type":"image\/png"}],"twitter_card":"summary_large_image","twitter_misc":{"Est. reading time":"2 minutes"},"schema":{"@context":"https:\/\/schema.org","@graph":[{"@type":"WebPage","@id":"https:\/\/globalit.com.tr\/en\/kvkk\/","url":"https:\/\/globalit.com.tr\/en\/kvkk\/","name":"KVKK Compliant Data Security and Consultancy Services","isPartOf":{"@id":"https:\/\/globalit.com.tr\/en\/#website"},"datePublished":"2022-10-17T09:16:28+00:00","dateModified":"2024-02-02T18:59:46+00:00","description":"Get compliant data security and consultancy services within the scope of the Personal Data Protection Law (KVKK) now!","breadcrumb":{"@id":"https:\/\/globalit.com.tr\/en\/kvkk\/#breadcrumb"},"inLanguage":"en-US","potentialAction":[{"@type":"ReadAction","target":["https:\/\/globalit.com.tr\/en\/kvkk\/"]}]},{"@type":"BreadcrumbList","@id":"https:\/\/globalit.com.tr\/en\/kvkk\/#breadcrumb","itemListElement":[{"@type":"ListItem","position":1,"name":"Anasayfa","item":"https:\/\/globalit.com.tr\/en\/"},{"@type":"ListItem","position":2,"name":"GDPR"}]},{"@type":"WebSite","@id":"https:\/\/globalit.com.tr\/en\/#website","url":"https:\/\/globalit.com.tr\/en\/","name":"Global IT","description":"Google\u2019\u0131n T\u00fcrkiye\u2019deki \u0130lk Bulut \u00c7\u00f6z\u00fcm Orta\u011f\u0131","publisher":{"@id":"https:\/\/globalit.com.tr\/en\/#organization"},"potentialAction":[{"@type":"SearchAction","target":{"@type":"EntryPoint","urlTemplate":"https:\/\/globalit.com.tr\/en\/?s={search_term_string}"},"query-input":{"@type":"PropertyValueSpecification","valueRequired":true,"valueName":"search_term_string"}}],"inLanguage":"en-US"},{"@type":"Organization","@id":"https:\/\/globalit.com.tr\/en\/#organization","name":"Global IT","url":"https:\/\/globalit.com.tr\/en\/","logo":{"@type":"ImageObject","inLanguage":"en-US","@id":"https:\/\/globalit.com.tr\/en\/#\/schema\/logo\/image\/","url":"https:\/\/globalit.com.tr\/wp-content\/uploads\/2024\/05\/graph.png","contentUrl":"https:\/\/globalit.com.tr\/wp-content\/uploads\/2024\/05\/graph.png","width":1200,"height":600,"caption":"Global IT"},"image":{"@id":"https:\/\/globalit.com.tr\/en\/#\/schema\/logo\/image\/"},"sameAs":["https:\/\/www.instagram.com\/globalit_\/","https:\/\/www.youtube.com\/channel\/UCwu91_fuJ6rsyPvogMLP3-A","https:\/\/www.linkedin.com\/company\/global-it-bilisim\/"]}]}},"_links":{"self":[{"href":"https:\/\/globalit.com.tr\/en\/wp-json\/wp\/v2\/pages\/10406","targetHints":{"allow":["GET"]}}],"collection":[{"href":"https:\/\/globalit.com.tr\/en\/wp-json\/wp\/v2\/pages"}],"about":[{"href":"https:\/\/globalit.com.tr\/en\/wp-json\/wp\/v2\/types\/page"}],"author":[{"embeddable":true,"href":"https:\/\/globalit.com.tr\/en\/wp-json\/wp\/v2\/users\/5"}],"replies":[{"embeddable":true,"href":"https:\/\/globalit.com.tr\/en\/wp-json\/wp\/v2\/comments?post=10406"}],"version-history":[{"count":5,"href":"https:\/\/globalit.com.tr\/en\/wp-json\/wp\/v2\/pages\/10406\/revisions"}],"predecessor-version":[{"id":11744,"href":"https:\/\/globalit.com.tr\/en\/wp-json\/wp\/v2\/pages\/10406\/revisions\/11744"}],"wp:attachment":[{"href":"https:\/\/globalit.com.tr\/en\/wp-json\/wp\/v2\/media?parent=10406"}],"curies":[{"name":"wp","href":"https:\/\/api.w.org\/{rel}","templated":true}]}}